{"id":422,"date":"2025-05-02T11:03:28","date_gmt":"2025-05-02T09:03:28","guid":{"rendered":"http:\/\/abogados-mallorca.disstintbeta.com\/rechtlicher-hinweis\/"},"modified":"2025-06-06T13:47:23","modified_gmt":"2025-06-06T11:47:23","slug":"rechtlicher-hinweis","status":"publish","type":"page","link":"https:\/\/abogados-mallorca.com\/de\/rechtlicher-hinweis\/","title":{"rendered":"Rechtlicher Hinweis"},"content":{"rendered":"\t\t<div data-elementor-type=\"wp-page\" data-elementor-id=\"422\" class=\"elementor elementor-422 elementor-275\" data-elementor-post-type=\"page\">\n\t\t\t\t<div class=\"elementor-element elementor-element-18a094d4 e-flex e-con-boxed e-con e-parent\" data-id=\"18a094d4\" data-element_type=\"container\">\n\t\t\t\t\t<div class=\"e-con-inner\">\n\t\t\t\t<div class=\"elementor-element elementor-element-d4ce778 elementor-widget elementor-widget-heading\" data-id=\"d4ce778\" data-element_type=\"widget\" data-widget_type=\"heading.default\">\n\t\t\t\t<div class=\"elementor-widget-container\">\n\t\t\t\t\t<h1 class=\"elementor-heading-title elementor-size-default\">Rechtlicher Hinweis<\/h1>\t\t\t\t<\/div>\n\t\t\t\t<\/div>\n\t\t\t\t<div class=\"elementor-element elementor-element-3dcdbcb5 elementor-widget__width-inherit elementor-widget elementor-widget-text-editor\" data-id=\"3dcdbcb5\" data-element_type=\"widget\" data-widget_type=\"text-editor.default\">\n\t\t\t\t<div class=\"elementor-widget-container\">\n\t\t\t\t\t\t\t\t\t<h4><strong>1.- Inhaber und Verantwortlicher<\/strong><\/h4><p>Inhaber und f\u00fcr die website verantwortlich ist Middendorf Servera (ab hier Dienstleister genannt), mit Adresse in<a href=\"https:\/\/maps.app.goo.gl\/4WJEfAvSGjLT1J3S8\" target=\"_blank\" rel=\"noopener\"> Carrer de l\u2019Amargura, 14, 3r piso, pta 4 07500 Manacor, Illes Baleares.<\/a><\/p><p>Correo electr\u00f3nico: <a href=\"mailto:vera@middendorf-servera.com\">vera@middendorf-servera.com<\/a><\/p><p>NIF: X-2028448-D<\/p><p>Mit Nutzung der Webseite gilt man als Nutzer und akzeptiert die Vorgaben und Konditionen die im folgenden zur Nutzung und zum Datenschutz und Einstellung der Cookies genannt wird.<\/p><p><strong>1.2.- Zustimmung<\/strong><\/p><p>Die Zustimmung zu den Nutzungsbedingungen und zum Datenschutz ist Voraussetzung f\u00fcr die Nutzung unserer Webseite.<\/p><p>Die Nutzungsbedingungen und datenschutzrechtlichen Bedingungen regeln die Widergabe und Verarbeitung Deiner pers\u00f6nlichen und nicht pers\u00f6nlichen Daten als Nutzer dieser Webseite, ab dem G\u00fcltigkeitsdatum das oben erscheint. Gleichermassen werden die Bedingungen dieser Webseite und deren Funktionen angegeben. <\/p><p>Bei der Verarbeitung Deiner pers\u00f6nlichen Daten, beachtet der Dienstleister die geltende lokale und europ\u00e4ische Gesetzgebung, wie auch die ausf\u00fchrenden Gesetze und Regelungen<\/p><p><strong> <\/strong><\/p><p><strong>2.- Beschreibung und Nutzung<\/strong><\/p><p><span style=\"font-weight: 400;\">Der Dienstleister ist eine Rechtsanwaltskanzlei in Manacor<\/span><\/p><p> <\/p><p><strong>3.- Weiterleitung zu externen Seiten<\/strong><\/p><p>Es ist m\u00f6glich, dass die Webseite eine Weiterleitung zu anderen Webseiten enth\u00e4lt.<\/p><p>Dennoch \u00fcben wir keine Kontrolle \u00fcber diese Seiten und deren Inhalt aus, die ihrerseits deren eigenen Bedingungen und Vorgaben haben. Wir \u00fcbernehmen auch keine Verantwortung \u00fcber deren technische Verf\u00fcgbarkeit, Qualit\u00e4t, Vertrauensw\u00fcrdigkeit, korrekte Darstellung oder Wahrheit. <\/p><p><strong>4.- Geistiges und gewerbliches Eigentum<\/strong><\/p><p>Der Inhalt und die Information des Dienstleisters (unter anderem Marken, Logos, Daten, Bilder, Daten der Informatik), wie auch dessen Hardware und Software Elemente, die zur Widergabe des Inhalts verwendet wurden, sind Eigentum des Dienstleisters oder entsprechen dessen Nutzungsrecht.<\/p><p>Aus diesem Grund und gem\u00e4ss der nationalen und europ\u00e4ischen Gesetzgebung \u00fcber geistiges Eigentum ist die Modifizierung, Verwendung, das Kopieren, Duplizieren, Verteilen, der Verkauf und Weiterverkauf und sonstige Vermarktung oder kommerzielle und gleichgestellte Nutzung des Services, der Dienstleistung und deren Inhalt verboten.<\/p><p>F\u00fcr jedwede andere Nutzung des Services, der Dienstleistung, die Du ben\u00f6tigst, brauchst Du vorher unser schriftliches Einverst\u00e4ndnis und je nachdem das Einverst\u00e4ndnis der Urheber.<\/p><p><strong>5.- Inhalt Nutzer<\/strong><\/p><p>Du kannst dem Service beisteuern indem Du eine Nachricht an unsere email schickst \u00fcber die auf der Webseite verf\u00fcgbaren Kontaktformulare (ab jetzt &#8222;Inhalt&#8220;)<\/p><p>Wir d\u00fcrfen Deinen Inhalt auf mehrere Weisen nutzen, wie zum Beispiel: ihn auf der Webseite zeigen, neu formatieren, auf andere Sprachen \u00fcbersetzen, bearbeiten um ihn klarer zu gestalten, Irrt\u00fcmer zu korrigieren, diesen zu promoten und zu verbreiten, gem\u00e4ss der im vorherigen Absatz enthaltenen Erlaubnis.<\/p><p>Das bedeutet, dass der Inhalt weiter Dir geh\u00f6rt, aber dass der Dienstleister, dank der Erlaubnis, diesen zu nutzen, folgendes darf: <strong>A)<\/strong>diesen verwenden, wiedergeben, modifizieren, anpassen, \u00fcbersetzen, verbreiten, dessen Inhalt ver\u00f6ffentlichen, auf dessen Basis neue Werke erstellen, diesen zeigen und auf der ganzen Welt zur Schau stellen, \u00fcber jegliches Medium und f\u00fcr jeglichen legalen Zweck; und <strong>B) den Namen verwenden de n Du im Zusammenhang mit diesem Inhalt angibst.<\/strong><\/p><p>Dennoch beh\u00e4lt sich der Dienstleister das Recht vor, die Inhalte oder Informationen nicht zu ver\u00f6ffentlichen die falsch sind oder Rechte Dritter verletzen.<\/p><p><strong>6.- Alter<\/strong><\/p><p><strong> <\/strong><\/p><p>Was die Nutzung der Webseite betrifft, gibst Du an, dass Du vollj\u00e4hrig bist und gesch\u00e4ftsf\u00e4hig, und zwar soweit, dass Du diesen Vereinbarung eingehen kannst und diese Dienstleistung gem\u00e4ss deren Bestimmungen und Reglungen nutzen kannst, die Du verstehst und komplett anerkennst.<\/p><p>Du erkl\u00e4rst, dass s\u00e4mtliche Information die Du angegeben hast, um zum Service zu gelangen vorher, und<\/p><p>w\u00e4hrend dessen Nutzung, der Wahrheit entspricht, vollst\u00e4ndig und pr\u00e4zise ist.<\/p><p><strong>7.- Datenschutz<\/strong><\/p><p><strong>7.1.- Widergegebene Information<\/strong><\/p><p>Die pers\u00f6nlichen und nicht pers\u00f6nlichen Daten die angenommen werden, \u00e4ndern sich mit der Art der Nutzung die Du von der Webseite und deren Eigenschaften machst.<\/p><p>Die pers\u00f6nlichen und nicht pers\u00f6nlichen Daten bekommen wir \u00fcber drei Wege: <strong>1) die automatisch eingegebene,<\/strong> <strong>2) die die Du uns freiwillig zur Verf\u00fcgung stellst<\/strong> und <strong>3) die die wir \u00fcber Dritte erhalten<\/strong><\/p><p><strong> <\/strong><\/p><p><strong>7.1.1.- Automatisch aufgenommene Daten<\/strong><\/p><p>Diese Information besteht aus:<\/p><ul><li>Die Aufnahme mittels Cookies oder \u00e4hnlichen Mechanismen die in Deinem Apparat gespeichert sind, immer mit Deinem Einverst\u00e4ndnis. Informiere Dich \u00fcber unsere <strong>Cookies Politik<\/strong> um weitere Infos zu erhalten. <\/li><\/ul><ul><li>Die IP von der aus die Verbindung aufgebaut wird, die Art des Apparats und dessen Eigenschaften, die Version des Betriebssystems, des Browsers, die Sprache, das Datum, das Land, die Uhrzeit des Antrags, die URL Referenz oder das mobile Netz, unter anderem.<\/li><\/ul><ul><li>Daten der Nutzung der Webseite und m\u00f6gliche entdeckte Fehler w\u00e4hrend der Nutzung, wie nicht gefundene Seiten oder irrt\u00fcmlich erfolgte Aufrufe.<\/li><\/ul><p><strong>7.1.2.- Freiwillig zur Verf\u00fcgung gestellt Daten<\/strong><\/p><p>Diese Information besteht aus:<\/p><ul><li>Die pers\u00f6nlichen oder nicht pers\u00f6nlichen Daten die die Nachrichten die \u00fcber die Kontaktkan\u00e4le des Dienstleisters gechickt werden, wie zB Dein Name, mail Adresse, Telefonnummer und Nachricht.<\/li><\/ul><p><strong>7.1.3.- Die von Dritten erhaltenen Daten<\/strong><\/p><p>Diese Information besteht aus:<\/p><ul><li>Daten die \u00fcber die sozialen Netzwerke oder \u00e4hnliche Angebote zur Verf\u00fcgung gestellt werden<\/li><\/ul><p><strong>7.2.- Rechte<\/strong><\/p><p>Wir informieren Dich dar\u00fcber, dass das Ausf\u00fcllen der Formulare freiwillig ist. Wenn Du aber die verpflichtenden Felder nicht ausf\u00fcllst (die mit verpflichtend oder Stern markiert sind) kann es sein, dass manche Funktionen der Seite nicht durchgef\u00fchrt werden k\u00f6nnen oder limitiert sind. <\/p><p>Die pers\u00f6nlichen Daten die Du uns mitteilst, werden gespeichert und in unseren Dateien bearbeitet, um Deine Anfragen bearbeiten zu k\u00f6nnen.<\/p><p>Du kannst Deine Datenschutzrechte wie Zugang, Korrektur, L\u00f6schen, Limitieren, Einspruch und Weiterleitung jederzeit hier geltend machen: <a href=\"mailto:vera@middendorf-servera.com\">vera@middendorf-servera.com <\/a>oder postalisch unter : <a href=\"https:\/\/maps.app.goo.gl\/4WJEfAvSGjLT1J3S8\" target=\"_blank\" rel=\"noopener\">Carrer de l&#8216; Amargura,14,3r piso,pta 4 07500 Manacor, Illes Balears.<\/a><\/p><p>In beiden F\u00e4llen musst Du Dich mit Deinem Vor und Nachnamen identifizieren und m\u00f6glicherweise mit einer Ausweiskopie<\/p><p>Falls Du Dein Einverst\u00e4ndnis f\u00fcr eine spezifischen Zweck erteilt hast, hast Du das Recht, dieses Einverst\u00e4ndnis zur\u00fcckzunehmen und zwar jederzeit, ohne dass dies die vorherigen Rechte der Bearbeitung betrifft, die w\u00e4hrend der G\u00fcltigkeit des Einverst\u00e4ndnisses erfolgt ist.<\/p><p>Solltest Du desweiteren meinen, dass es ein Problem mit der Art und Weise gibt, mit der wir Deine Daten behandeln, kannst Du Dich bei der <a href=\"https:\/\/www.aepd.es\/reglamento\/derechos\/index.html\">spanischen Datenschutzbeh\u00f6rde<\/a> <a href=\"https:\/\/www.agpd.es\/\">Agencia Espa\u00f1ola de Protecci\u00f3n de Datos<\/a> beschweren.<\/p><p><strong> <\/strong><\/p><p><strong>7.3.- Datenverarbeitung<\/strong><\/p><p>Der Dienstleister verwendet die aufgenommenen Daten f\u00fcr<\/p><ul><li>Verwaltung und Aktualisierung des Services (wobei unser legitimes Interesse darin besteht einen aktuellen und guten Standard des Services zu erhalten)<\/li><\/ul><ul><li>Deine Anfragen und Zweifel zu beantworten (wobei unser rechtliches legitimes Interesse darin nnesteht, die Anfragen unserer Nutzer oder deren Zustimmung zu beantworten, je nach Kontaktkanal).<\/li><\/ul><ul><li>Die Sicherheit des Services zu erhalten, unrechtm\u00e4ssige Aktivit\u00e4ten zu ermitteln, das Einhalten unsere Nutzungsbestimmungen zu gew\u00e4hrleisten und die staatlichen Sicherheitsbeh\u00f6rden bei deren m\u00f6glichen Ermittlungen zu unterst\u00fctzen (wobei unser legitimes rechtliches Interesse darin besteht die Sicherheit unseres Service und dessen Nutzer zu gew\u00e4hrleisten).<\/li><\/ul><ul><li>Dir die neuesten Angebote zukommen zu lassen, wenn Du Dich bei unserem Newsletter angemeldet hast (hier ist die gesetzliche Grundlage Dein Einverst\u00e4ndnis)<\/li><\/ul><p>Desweiteren kann der Dienstleister pers\u00f6nliche und nicht pers\u00f6nliche Daten verwenden, als hinzugef\u00fcgte und anonyme Daten, um diese Dritten zu zeigen. Er kann auch Statistiken und demografische Informationen \u00fcber die user und dieren Nutzung des Services an Dritte weiterleiten.  <\/p><p>Der Service verwendet keine individuellen automatisierten Antworten<\/p><p><strong>7.3.1.- In mails und Kontaktformularen<\/strong><\/p><p>Die Webseite verwendet eine TLS Verschl\u00fcsselung die dem user das sichere Versenden seiner pers\u00f6nlichen Daten \u00fcber Standard Kontaktformulare erlaubt.<\/p><p>Die aufgenommenen pers\u00f6nlichen Daten werden automatisch bearbeitet und in den Dateien gespeichert, die die Aktivit\u00e4t registrieren und deren Inhaber der Dienstleister ist<\/p><p>In diesen Sinne:<\/p><ul><li>Wir bekommen Deine IP um die Herkunft der Nachricht zu \u00fcberpr\u00fcfen und Dir bessere und ad\u00e4quate Empfehlungen geben zu k\u00f6nnen (zB um die richtige Sprache anzuzeigen) und um m\u00f6gliche Irregularit\u00e4ten zu entdecken (wie zB Hackangriffe auf den Service), wie auch Daten Deines ISP.<\/li><\/ul><ul><li>Du kannst uns auch Deine Daten per mail mitteilen.<\/li><\/ul><p><strong>7.3.2.- In sozialen Netzwerken<\/strong><\/p><p>Wir haben Profile in einigen der bekannten sozialen internet Netzwerke und der Dienstleister ist f\u00fcr die Behandlung der dort ver\u00f6ffentlichten Daten verantwortlich (wie zB Fotos die \u00fcber den Service hochgeladne wurden und auf denen Gesichter von Personen erscheinen<\/p><p>Diese Daten werden so bearbeitet wie das das jeweilige Netzwerk f\u00fcr die Profile von Firmen erlaubt Aus diesem Grund k\u00f6nnen wir, wenn das Gesetz das nicht verbietet, \u00fcber jegliche Art und Weise die das soziale Netz erlaubt, die user \u00fcber Aktivit\u00e4ten und Angebote informieren und einen pers\u00f6nlichen Kundenservice leisten. <\/p><p>In keinem Fall ziehen wir Daten aus den sozialen Netzwerken, es sein denn dass in einem spezifischen Fall das ausdr\u00fcckliche Einverst\u00e4ndnis des Nutzers vorliegt.<\/p><p>Wenn aufgrund der Natur der sozialen Netzwerke, die Aus\u00fcbung Deiner Rechte nur im Zusammenhang mit einer Modifizierung Deines Profils einhergehen kann, helfen wir Dir dabei im Rahmen unserer M\u00f6glichkeiten.<\/p><p><strong> <\/strong><\/p><p><strong>7.3.3.- Bei Arbeitsangeboten<\/strong><\/p><p>Der Dienstleister beachtet nur Antr\u00e4ge auf Arbeits und Praktikumsangebote die der Kandidat \u00fcber die entsprechenden Mittel oder \u00fcber Webseiten f\u00fcr Stellenangebote einreicht, bei denen wir ein konkretes Stellenangebot geschaltet haben.<\/p><p>Der Rest der Antr\u00e4ge wird zur\u00fcckgewiesen.<\/p><p>Der Antragsteller autorisiert uns, die \u00fcbermittelten Dokumente zu analysieren, den gesamten Inhalt der \u00fcber Suchmaschinen zug\u00e4nglich ist, \u00fcber die Profile in sozialen Netzwerken zu beruflichen Themen, \u00fcber die Daten die in Zugangspr\u00fcfungen erhalten wurden und die Information die er beim Einstellungsgespr\u00e4ch bekannt gibt, mit dem Ziel, seine Bewerbung einzusch\u00e4tzen und ihm gegebenenfalls eine Stelle anzubieten.<\/p><p><strong>7.4.- Speicherung der Daten<\/strong><\/p><p>Im Nachfolgenden wird mitgeteilt wie lange die Daten vom Service gespeichert werden:<\/p><ul><li>Die disaggregierten Daten werden ohne L\u00f6schfrist aufbewahrt.<\/li><\/ul><ul><li>Die Daten der Nutzer werden bis zu einer maximalen Frist von 12 Monaten aufbewahrt um deren Fragen bearbeiten zu k\u00f6nnen.<\/li><\/ul><ul><li>Die Daten der Kunden werden so lange wie mindestens notwendig aufbewahrt, wobei sie aufbewahrt werden k\u00f6nnen bis:<\/li><\/ul><ul><li>5 Jahre nach Artikel 1964 des spanischen B\u00fcrgerlichen Gesetzbuches (pers\u00f6nliche Forderungen ohne spezielle Frist)<\/li><li>6 Jahre nach Artikel 30 des spanischen Handelsgesetzbuches (Buchhaltungsb\u00fccher oder Rechnung zB)<\/li><\/ul><ul><li>Die Daten die der Dienstleister von den Nutzern auf Seiten oder Profile von sozialen Netzwerken hochl\u00e4dt werden vom Erteilung der Zustimmung des Nutzers bos zu dessen Entzug aufbewahrt.<\/li><\/ul><ul><li>Die Daten des Antragstellers auf ein Stellenangebot hin werden maximal 2 Jahre aufgehoben, wenn der Antragsteller nicht ausgew\u00e4hlt wird, mit dem Ziel diese bei einer neuen Suche zu verwenden, wenn der Kandidat dem zustimmt.<\/li><\/ul><p><strong>8.- Provider und andere<\/strong><\/p><p>Es gibt Dritte die Teile des Services bearbeiten.<\/p><p>Der Dienstleister verlangt von diesen Dritten dass Sie die Datenschutznormen beachten, die anwendbar sind und auch deren eigene. Dennoch ist der Dienstleister f\u00fcr deren Erf\u00fcllung nicht verantwortlich. <\/p><p>Unter gewissen Umst\u00e4nden kann der Dienstleister pers\u00f6nliche nicht agreggierte DAten mit Dritten teilen, verwerten oder verbreiten:<\/p><ul><li>Um den Service leisten zu k\u00f6nnen:<\/li><\/ul><p>Die Dienstleister und Provider die in unserem Namen Funktionen aus\u00fcben, wie zB das web hosting, die Statistikkontrolle, das Entwerfen der Webseite. Diese Dienstleister kommen an die notwendigen Daten, um deren Aufgabe auszu\u00fcben, aber nicht um diese Daten f\u00fcr andere Zwecke zu nutzen. <\/p><ul><li>in Zusammenarbeit mit den zust\u00e4ndigen staatlichen Beh\u00f6rden<\/li><\/ul><p>Wenn wir der Meinung sind, dass es vern\u00fcnftigerweise notwendig ist um ein bestimmtes Gesetz zu erf\u00fcllen. In jedem Fall werden wir nur die strikt notwendig verlangte Information zur Verf\u00fcgung stellen. <\/p><p><strong>9.- Verantwortung<\/strong><\/p><p>Soweit es gesetzlich erlaubt ist, ist der Dienstleister nicht verantwortlich f\u00fcr <strong>a)<\/strong> die Fehler und Unterlassungen bei den Inhalten; <strong>b)<\/strong> mangelnde Verf\u00fcgbarkeit der Webseite<br>oder;<strong> c)<\/strong> die \u00dcbermittlung von sch\u00e4dlichen Programmen, obwohl alle technischen M\u00f6glichkeiten genutzt wurden um dies zu verhindern.<\/p><p><strong>10.- Modifizierungen<\/strong><\/p><p>Der Dienstleister beh\u00e4lt sich das Recht vor, ohne vorherige Ank\u00fcndigung die Modifizierungen auf seiner Webseite vorzunehmen, die er f\u00fcr angemessen h\u00e4lt, und kann dabei sowohl die Inhalte als auch die Serviceleistungen \u00e4ndern, unterdr\u00fccken oder hinzuf\u00fcgen, die auf seiner Webseite angeboten werden, wie auch die Art und Weise wie diese pr\u00e4sentiert werden.<\/p><p>Auf der anderen Seite k\u00f6nnen auch die Konditionen sich zu jedem Zeitpunkt \u00e4ndern. Die Modifizierungen werden ab dem Moment der Ver\u00f6ffentlichung g\u00fcltig. <\/p><p><strong>11.- Cookies<\/strong><\/p><p><strong> <\/strong><\/p><p>\u00dcberpr\u00fcfe unsere <strong>cookies<\/strong> Regelung um zu erfahren wie wir diese benutzen.<\/p><p><strong>12.- Sicherheitsvorkehrungen<\/strong><\/p><p><strong> <\/strong><\/p><p>Der Dienstleister wendet alle technischen und organisatorischen Vorkehrungen und Massnahmen an<\/p><p>um die Sicherheit und Vollst\u00e4ndigkeit der pers\u00f6nlichen und nicht pers\u00f6nlichen Daten die aufgenommen wurden zu gew\u00e4hrleisten. Das betrifft sowohl nicht authorisierte Zug\u00e4nge als auch deren Ver\u00e4nderung, Verlust oder versehentliche L\u00f6schung. <\/p><p>En todo caso, el Servicio no puede garantizar la seguridad absoluta de la informaci\u00f3n recopilada, por lo que debes colaborar y utilizar en todo momento el sentido com\u00fan sobre la informaci\u00f3n compartida.<\/p><p>Du verstehst und erkennst an, dass sowohl nach der L\u00f6schung, die pers\u00f6nlichen Daten und nicht pers\u00f6nlichen Daten im Cach\u00e9 einsehbar sein k\u00f6nnen oder wenn andere Nutzer diese kopiert oder gespeichert haben.<\/p><p><strong> <\/strong><\/p><p><strong>13.- Kontakt<\/strong><\/p><p><strong> <\/strong><\/p><p>Wenn Du Fragen zu diesen Nutzungshinweisen und zum Datenschutz hast kontaktiere mit uns \u00fcber:<\/p><p>E-mail: <a href=\"mailto:vera@middendorf-servera.com\">vera@middendorf-servera.com<\/a><\/p><p>Direcci\u00f3n: <a href=\"https:\/\/maps.app.goo.gl\/4WJEfAvSGjLT1J3S8\" target=\"_blank\" rel=\"noopener\">Carrer de l\u2019Amargura, 14, 3r piso, pta 4 07500 Manacor, Illes Baleares.<\/a><\/p>\t\t\t\t\t\t\t\t<\/div>\n\t\t\t\t<\/div>\n\t\t\t\t\t<\/div>\n\t\t\t\t<\/div>\n\t\t\t\t<\/div>\n\t\t","protected":false},"excerpt":{"rendered":"<p>Rechtlicher Hinweis 1.- Inhaber und Verantwortlicher Inhaber und f\u00fcr die website verantwortlich ist Middendorf Servera (ab hier Dienstleister genannt), mit Adresse in Carrer de l\u2019Amargura, 14, 3r piso, pta 4 07500 Manacor, Illes Baleares. Correo electr\u00f3nico: vera@middendorf-servera.com NIF: X-2028448-D Mit Nutzung der Webseite gilt man als Nutzer und akzeptiert die Vorgaben und Konditionen die im [&hellip;]<\/p>\n","protected":false},"author":1,"featured_media":0,"parent":0,"menu_order":0,"comment_status":"closed","ping_status":"closed","template":"","meta":{"footnotes":""},"class_list":["post-422","page","type-page","status-publish","hentry"],"yoast_head":"<!-- This site is optimized with the Yoast SEO plugin v25.3 - https:\/\/yoast.com\/wordpress\/plugins\/seo\/ -->\n<title>Rechtlicher Hinweis - Abogados Mallorca<\/title>\n<meta name=\"robots\" content=\"noindex, nofollow\" \/>\n<meta property=\"og:locale\" content=\"de_DE\" \/>\n<meta property=\"og:type\" content=\"article\" \/>\n<meta property=\"og:title\" content=\"Rechtlicher Hinweis - Abogados Mallorca\" \/>\n<meta property=\"og:description\" content=\"Rechtlicher Hinweis 1.- Inhaber und Verantwortlicher Inhaber und f\u00fcr die website verantwortlich ist Middendorf Servera (ab hier Dienstleister genannt), mit Adresse in Carrer de l\u2019Amargura, 14, 3r piso, pta 4 07500 Manacor, Illes Baleares. Correo electr\u00f3nico: vera@middendorf-servera.com NIF: X-2028448-D Mit Nutzung der Webseite gilt man als Nutzer und akzeptiert die Vorgaben und Konditionen die im [&hellip;]\" \/>\n<meta property=\"og:url\" content=\"https:\/\/abogados-mallorca.com\/de\/rechtlicher-hinweis\/\" \/>\n<meta property=\"og:site_name\" content=\"Abogados Mallorca\" \/>\n<meta property=\"article:modified_time\" content=\"2025-06-06T11:47:23+00:00\" \/>\n<meta name=\"twitter:card\" content=\"summary_large_image\" \/>\n<meta name=\"twitter:label1\" content=\"Gesch\u00e4tzte Lesezeit\" \/>\n\t<meta name=\"twitter:data1\" content=\"11\u00a0Minuten\" \/>\n<script type=\"application\/ld+json\" class=\"yoast-schema-graph\">{\"@context\":\"https:\/\/schema.org\",\"@graph\":[{\"@type\":\"WebPage\",\"@id\":\"https:\/\/abogados-mallorca.com\/de\/rechtlicher-hinweis\/\",\"url\":\"https:\/\/abogados-mallorca.com\/de\/rechtlicher-hinweis\/\",\"name\":\"Rechtlicher Hinweis - Abogados Mallorca\",\"isPartOf\":{\"@id\":\"https:\/\/abogados-mallorca.com\/de\/#website\"},\"datePublished\":\"2025-05-02T09:03:28+00:00\",\"dateModified\":\"2025-06-06T11:47:23+00:00\",\"breadcrumb\":{\"@id\":\"https:\/\/abogados-mallorca.com\/de\/rechtlicher-hinweis\/#breadcrumb\"},\"inLanguage\":\"de\",\"potentialAction\":[{\"@type\":\"ReadAction\",\"target\":[\"https:\/\/abogados-mallorca.com\/de\/rechtlicher-hinweis\/\"]}]},{\"@type\":\"BreadcrumbList\",\"@id\":\"https:\/\/abogados-mallorca.com\/de\/rechtlicher-hinweis\/#breadcrumb\",\"itemListElement\":[{\"@type\":\"ListItem\",\"position\":1,\"name\":\"Portada\",\"item\":\"https:\/\/abogados-mallorca.com\/de\/\"},{\"@type\":\"ListItem\",\"position\":2,\"name\":\"Rechtlicher Hinweis\"}]},{\"@type\":\"WebSite\",\"@id\":\"https:\/\/abogados-mallorca.com\/de\/#website\",\"url\":\"https:\/\/abogados-mallorca.com\/de\/\",\"name\":\"Abogados Mallorca\",\"description\":\"\",\"publisher\":{\"@id\":\"https:\/\/abogados-mallorca.com\/de\/#organization\"},\"potentialAction\":[{\"@type\":\"SearchAction\",\"target\":{\"@type\":\"EntryPoint\",\"urlTemplate\":\"https:\/\/abogados-mallorca.com\/de\/?s={search_term_string}\"},\"query-input\":{\"@type\":\"PropertyValueSpecification\",\"valueRequired\":true,\"valueName\":\"search_term_string\"}}],\"inLanguage\":\"de\"},{\"@type\":\"Organization\",\"@id\":\"https:\/\/abogados-mallorca.com\/de\/#organization\",\"name\":\"Abogados Mallorca\",\"url\":\"https:\/\/abogados-mallorca.com\/de\/\",\"logo\":{\"@type\":\"ImageObject\",\"inLanguage\":\"de\",\"@id\":\"https:\/\/abogados-mallorca.com\/de\/#\/schema\/logo\/image\/\",\"url\":\"https:\/\/abogados-mallorca.com\/wp-content\/uploads\/2025\/04\/logo-completo-Gold-1-1.svg\",\"contentUrl\":\"https:\/\/abogados-mallorca.com\/wp-content\/uploads\/2025\/04\/logo-completo-Gold-1-1.svg\",\"width\":198,\"height\":71,\"caption\":\"Abogados Mallorca\"},\"image\":{\"@id\":\"https:\/\/abogados-mallorca.com\/de\/#\/schema\/logo\/image\/\"}}]}<\/script>\n<!-- \/ Yoast SEO plugin. -->","yoast_head_json":{"title":"Rechtlicher Hinweis - Abogados Mallorca","robots":{"index":"noindex","follow":"nofollow"},"og_locale":"de_DE","og_type":"article","og_title":"Rechtlicher Hinweis - Abogados Mallorca","og_description":"Rechtlicher Hinweis 1.- Inhaber und Verantwortlicher Inhaber und f\u00fcr die website verantwortlich ist Middendorf Servera (ab hier Dienstleister genannt), mit Adresse in Carrer de l\u2019Amargura, 14, 3r piso, pta 4 07500 Manacor, Illes Baleares. Correo electr\u00f3nico: vera@middendorf-servera.com NIF: X-2028448-D Mit Nutzung der Webseite gilt man als Nutzer und akzeptiert die Vorgaben und Konditionen die im [&hellip;]","og_url":"https:\/\/abogados-mallorca.com\/de\/rechtlicher-hinweis\/","og_site_name":"Abogados Mallorca","article_modified_time":"2025-06-06T11:47:23+00:00","twitter_card":"summary_large_image","twitter_misc":{"Gesch\u00e4tzte Lesezeit":"11\u00a0Minuten"},"schema":{"@context":"https:\/\/schema.org","@graph":[{"@type":"WebPage","@id":"https:\/\/abogados-mallorca.com\/de\/rechtlicher-hinweis\/","url":"https:\/\/abogados-mallorca.com\/de\/rechtlicher-hinweis\/","name":"Rechtlicher Hinweis - Abogados Mallorca","isPartOf":{"@id":"https:\/\/abogados-mallorca.com\/de\/#website"},"datePublished":"2025-05-02T09:03:28+00:00","dateModified":"2025-06-06T11:47:23+00:00","breadcrumb":{"@id":"https:\/\/abogados-mallorca.com\/de\/rechtlicher-hinweis\/#breadcrumb"},"inLanguage":"de","potentialAction":[{"@type":"ReadAction","target":["https:\/\/abogados-mallorca.com\/de\/rechtlicher-hinweis\/"]}]},{"@type":"BreadcrumbList","@id":"https:\/\/abogados-mallorca.com\/de\/rechtlicher-hinweis\/#breadcrumb","itemListElement":[{"@type":"ListItem","position":1,"name":"Portada","item":"https:\/\/abogados-mallorca.com\/de\/"},{"@type":"ListItem","position":2,"name":"Rechtlicher Hinweis"}]},{"@type":"WebSite","@id":"https:\/\/abogados-mallorca.com\/de\/#website","url":"https:\/\/abogados-mallorca.com\/de\/","name":"Abogados Mallorca","description":"","publisher":{"@id":"https:\/\/abogados-mallorca.com\/de\/#organization"},"potentialAction":[{"@type":"SearchAction","target":{"@type":"EntryPoint","urlTemplate":"https:\/\/abogados-mallorca.com\/de\/?s={search_term_string}"},"query-input":{"@type":"PropertyValueSpecification","valueRequired":true,"valueName":"search_term_string"}}],"inLanguage":"de"},{"@type":"Organization","@id":"https:\/\/abogados-mallorca.com\/de\/#organization","name":"Abogados Mallorca","url":"https:\/\/abogados-mallorca.com\/de\/","logo":{"@type":"ImageObject","inLanguage":"de","@id":"https:\/\/abogados-mallorca.com\/de\/#\/schema\/logo\/image\/","url":"https:\/\/abogados-mallorca.com\/wp-content\/uploads\/2025\/04\/logo-completo-Gold-1-1.svg","contentUrl":"https:\/\/abogados-mallorca.com\/wp-content\/uploads\/2025\/04\/logo-completo-Gold-1-1.svg","width":198,"height":71,"caption":"Abogados Mallorca"},"image":{"@id":"https:\/\/abogados-mallorca.com\/de\/#\/schema\/logo\/image\/"}}]}},"_links":{"self":[{"href":"https:\/\/abogados-mallorca.com\/de\/wp-json\/wp\/v2\/pages\/422","targetHints":{"allow":["GET"]}}],"collection":[{"href":"https:\/\/abogados-mallorca.com\/de\/wp-json\/wp\/v2\/pages"}],"about":[{"href":"https:\/\/abogados-mallorca.com\/de\/wp-json\/wp\/v2\/types\/page"}],"author":[{"embeddable":true,"href":"https:\/\/abogados-mallorca.com\/de\/wp-json\/wp\/v2\/users\/1"}],"replies":[{"embeddable":true,"href":"https:\/\/abogados-mallorca.com\/de\/wp-json\/wp\/v2\/comments?post=422"}],"version-history":[{"count":1,"href":"https:\/\/abogados-mallorca.com\/de\/wp-json\/wp\/v2\/pages\/422\/revisions"}],"predecessor-version":[{"id":423,"href":"https:\/\/abogados-mallorca.com\/de\/wp-json\/wp\/v2\/pages\/422\/revisions\/423"}],"wp:attachment":[{"href":"https:\/\/abogados-mallorca.com\/de\/wp-json\/wp\/v2\/media?parent=422"}],"curies":[{"name":"wp","href":"https:\/\/api.w.org\/{rel}","templated":true}]}}