{"id":418,"date":"2025-04-29T08:50:06","date_gmt":"2025-04-29T06:50:06","guid":{"rendered":"http:\/\/abogados-mallorca.disstintbeta.com\/datenschutz-und-cookie-einstellungen\/"},"modified":"2025-06-06T13:06:58","modified_gmt":"2025-06-06T11:06:58","slug":"datenschutz-und-cookie-einstellungen","status":"publish","type":"page","link":"https:\/\/abogados-mallorca.com\/de\/datenschutz-und-cookie-einstellungen\/","title":{"rendered":"Datenschutz und Cookie Einstellungen"},"content":{"rendered":"\t\t<div data-elementor-type=\"wp-page\" data-elementor-id=\"418\" class=\"elementor elementor-418 elementor-3\" data-elementor-post-type=\"page\">\n\t\t\t\t<div class=\"elementor-element elementor-element-18a094d4 e-flex e-con-boxed e-con e-parent\" data-id=\"18a094d4\" data-element_type=\"container\">\n\t\t\t\t\t<div class=\"e-con-inner\">\n\t\t\t\t<div class=\"elementor-element elementor-element-d4ce778 elementor-widget elementor-widget-heading\" data-id=\"d4ce778\" data-element_type=\"widget\" data-widget_type=\"heading.default\">\n\t\t\t\t<div class=\"elementor-widget-container\">\n\t\t\t\t\t<h1 class=\"elementor-heading-title elementor-size-default\">Datenschutz und Cookie Einstellungen<\/h1>\t\t\t\t<\/div>\n\t\t\t\t<\/div>\n\t\t\t\t<div class=\"elementor-element elementor-element-3dcdbcb5 elementor-widget__width-inherit elementor-widget elementor-widget-text-editor\" data-id=\"3dcdbcb5\" data-element_type=\"widget\" data-widget_type=\"text-editor.default\">\n\t\t\t\t<div class=\"elementor-widget-container\">\n\t\t\t\t\t\t\t\t\t<p><strong>Zusammenfassung<\/strong><\/p>\n<p> <\/p>\n<ul>\n<li><strong>Benutzte Cookies: Eigene und \u00fcber Dritte<\/strong><\/li>\n<\/ul>\n<p><strong> <\/strong><\/p>\n<ul>\n<li>Werden sie zu statistischen Zwecken benutzt? <strong>Ja<\/strong><\/li>\n<\/ul>\n<p> <\/p>\n<ul>\n<li>Werden sie zu Werbezwecken benutzt? <strong>Ja<\/strong><\/li>\n<\/ul>\n<p> <\/p>\n<p><strong>Wie werden die Cookies eingestellt und ausgenommen<\/strong><\/p>\n<p> <\/p>\n<p>Du kannst die auf Deinem Apparat eingestellten Cookies zulassen, blockieren oder eliminieren und zwar \u00fcber Deinen Browser. Wenn Du auf Deinem Ger\u00e4t keine Cookies zul\u00e4sst, kann es sein, dass die Qualit\u00e4t der Nutzung schlechter wird. Im folgenden findest Du wie Du die Cookies bei jedem Browser einstellen kannst:  <\/p>\n<p> <\/p>\n<p><a href=\"http:\/\/windows.microsoft.com\/es-es\/windows-10\/edge-privacy-faq\">&#8211; Edge<\/a><\/p>\n<p><a href=\"https:\/\/support.google.com\/chrome\/answer\/95647?hl=es\">&#8211; Google Chrome<\/a><\/p>\n<p>&#8211;<a href=\"https:\/\/support.google.com\/chrome\/answer\/114662?hl=es&amp;visit_id=1-636664625754483085-1648636281&amp;rd=1&amp;co=GENIE.Platform%3DAndroid&amp;oco=1\"> Google Android<\/a><\/p>\n<p>&#8211; <a href=\"https:\/\/support.microsoft.com\/es-es\/help\/17442\/windows-internet-explorer-delete-manage-cookies\">Internet Explorer 8<\/a><\/p>\n<p><a href=\"https:\/\/support.microsoft.com\/es-es\/help\/278835\/how-to-delete-cookie-files-in-internet-explorer\">&#8211; Internet Explorer 9<\/a><\/p>\n<p><a href=\"https:\/\/support.microsoft.com\/es-es\/help\/17442\/windows-internet-explorer-delete-manage-cookies#ie=ie-10\">&#8211; Internet Explorer 11<\/a><\/p>\n<p><a href=\"https:\/\/support.mozilla.org\/es\/kb\/habilitar-y-deshabilitar-cookies-que-los-sitios-we\">&#8211; Mozilla Firefox<\/a><\/p>\n<p><a href=\"https:\/\/help.opera.com\/en\/latest\/web-preferences\/#cookies\">&#8211; Opera<\/a><\/p>\n<p><a href=\"https:\/\/support.apple.com\/es-es\/guide\/safari\/sfri11471\/mac\">&#8211; Safari<\/a><\/p>\n<p><a href=\"https:\/\/support.apple.com\/es-es\/HT201265\">&#8211; Safari Mobile<\/a><\/p>\n<p><a href=\"https:\/\/support.brave.com\/hc\/en-us\/articles\/360050634931-How-Do-I-Manage-Cookies-In-Brave-\">&#8211; Brave<\/a><\/p>\n<p><u><a href=\"https:\/\/support.apple.com\/es-es\/HT201265\"> <\/a><\/u><\/p>\n<p><strong>1.- Typen und Nutzung<\/strong><\/p>\n<p> <\/p>\n<p>Der Dienstleister ben\u00fctzt eigene Cookies und die von Dritten um die Nutzung zu verbessern, den Service zu leisten und Statistiken \u00fcber die Nutzung der Webseite zu erstellen.<\/p>\n<p> <\/p>\n<p><strong>2.- Was ist ein Cookie und wof\u00fcr wird es gebraucht?<\/strong><\/p>\n<p> <\/p>\n<p>Ein Cookie ist eine Textdatei die an den Browser Deines Computers, Handy oder Tablet geschickt wird und die dazu dient, Information \u00fcber den Nutzungsvorgang zu speichern und wiederzuerlangen. Zum Beispeil Deinen Benutzernamen und Dein Passwort erinnern oder die Pr\u00e4ferenzen Deines Profils. <\/p>\n<p> <\/p>\n<p><strong>3.- Was f\u00fcr Arten von Cookies gibt es?<\/strong><\/p>\n<p> <\/p>\n<p>Je nachdem wer diese bearbeitet:<\/p>\n<p> <\/p>\n<ul>\n<li><u>Eigene Cookies<\/u>; diese werden von Deinem Browser an unsere Ger\u00e4te und Web Domains geschickt.<\/li>\n<\/ul>\n<p> <\/p>\n<ul>\n<li><u>Cookies von Dritten<\/u>; diese werden an Deinen Browser von einem Ger\u00e4t oder einer Web Domain geschickt, die wir nicht direkt bedienen, sondern ein Dritter wie zum Beispiel Google.<\/li>\n<\/ul>\n<p> <\/p>\n<p>Je nachdem wie lange diese aktiv sind, gibt es:<\/p>\n<ul>\n<li><u>Session Cookies<\/u>; diese bleiben im Speicher Deines Browsers bis Du die Webseite verl\u00e4sst, sodass keine auf Deinem Ger\u00e4t bleibt.<\/li>\n<\/ul>\n<p> <\/p>\n<ul>\n<li><u>Dauerhafte Cookies<\/u>; diese verbleiben auf Deinem Ger\u00e4t und unsere Webseite liest diese jedes Mal wenn Du unsere Seite besuchst. Diese Cookies verfallen nach einem konkreten Datum. <\/li>\n<\/ul>\n<p> <\/p>\n<p>Schlussendlich, und nach dem Zweck, haben wir:<\/p>\n<p> <\/p>\n<ul>\n<li><u>Technische Cookies<\/u>; diese verbessern das Surfen und die Funktion der Webseite.<\/li>\n<\/ul>\n<p> <\/p>\n<ul>\n<li><u>Pers\u00f6nliche Cookies<\/u>; sie erlauben dem Service mit vordefinierten Elementen nach einer Serie von Kriterien den Zugang zuzulassen.<\/li>\n<\/ul>\n<p> <\/p>\n<ul>\n<li><u>Analyse Cookies<\/u>; sie erlauben die Nutzung statistisch zu messen und zu analysieren.<\/li>\n<\/ul>\n<p> <\/p>\n<p>Benutzte Cookies:<\/p>\n<p> <\/p>\n<table width=\"739\">\n<tbody>\n<tr>\n<td width=\"223\">\n<p><strong>Name<\/strong><\/p>\n<\/td>\n<td width=\"195\">\n<p><strong>Herkunft<\/strong><\/p>\n<\/td>\n<td width=\"120\">\n<p><strong>Zweck<\/strong><\/p>\n<\/td>\n<td width=\"86\">\n<p><strong>Typ<\/strong><\/p>\n<\/td>\n<td width=\"115\">\n<p><strong>Verfall<\/strong><\/p>\n<\/td>\n<\/tr>\n<tr>\n<td width=\"223\">\n<p>fbp_<\/p>\n<\/td>\n<td width=\"195\">\n<p>dominio.com<\/p>\n<\/td>\n<td width=\"120\">\n<p>Analyse<\/p>\n<\/td>\n<td width=\"86\">\n<p>Dritter<\/p>\n<\/td>\n<td width=\"115\">\n<p>3 Monate<\/p>\n<\/td>\n<\/tr>\n<tr>\n<td width=\"223\">\n<p>_fbp<\/p>\n<\/td>\n<td width=\"195\">\n<p>dominio.com<\/p>\n<\/td>\n<td width=\"120\">\n<p>Analyse<\/p>\n<\/td>\n<td width=\"86\">\n<p>Dritter<\/p>\n<\/td>\n<td width=\"115\">\n<p>7 Tage<\/p>\n<\/td>\n<\/tr>\n<tr>\n<td width=\"223\"> <\/td>\n<td width=\"195\">\n<p> <\/p>\n<\/td>\n<td width=\"120\">\n<p> <\/p>\n<\/td>\n<td width=\"86\">\n<p> <\/p>\n<\/td>\n<td width=\"115\">\n<p> <\/p>\n<\/td>\n<\/tr>\n<tr>\n<td width=\"223\"> <\/td>\n<td width=\"195\">\n<p> <\/p>\n<\/td>\n<td width=\"120\">\n<p> <\/p>\n<\/td>\n<td width=\"86\">\n<p> <\/p>\n<\/td>\n<td width=\"115\">\n<p> <\/p>\n<\/td>\n<\/tr>\n<\/tbody>\n<\/table>\n<p> <\/p>\t\t\t\t\t\t\t\t<\/div>\n\t\t\t\t<\/div>\n\t\t\t\t\t<\/div>\n\t\t\t\t<\/div>\n\t\t\t\t<\/div>\n\t\t","protected":false},"excerpt":{"rendered":"<p>Datenschutz und Cookie Einstellungen Zusammenfassung Benutzte Cookies: Eigene und \u00fcber Dritte Werden sie zu statistischen Zwecken benutzt? Ja Werden sie zu Werbezwecken benutzt? Ja Wie werden die Cookies eingestellt und ausgenommen Du kannst die auf Deinem Apparat eingestellten Cookies zulassen, blockieren oder eliminieren und zwar \u00fcber Deinen Browser. Wenn Du auf Deinem Ger\u00e4t keine Cookies [&hellip;]<\/p>\n","protected":false},"author":1,"featured_media":0,"parent":0,"menu_order":0,"comment_status":"closed","ping_status":"closed","template":"","meta":{"footnotes":""},"class_list":["post-418","page","type-page","status-publish","hentry"],"yoast_head":"<!-- This site is optimized with the Yoast SEO plugin v25.3 - https:\/\/yoast.com\/wordpress\/plugins\/seo\/ -->\n<title>Datenschutz und Cookie Einstellungen - Abogados Mallorca<\/title>\n<meta name=\"robots\" content=\"noindex, nofollow\" \/>\n<meta property=\"og:locale\" content=\"de_DE\" \/>\n<meta property=\"og:type\" content=\"article\" \/>\n<meta property=\"og:title\" content=\"Datenschutz und Cookie Einstellungen - Abogados Mallorca\" \/>\n<meta property=\"og:description\" content=\"Datenschutz und Cookie Einstellungen Zusammenfassung Benutzte Cookies: Eigene und \u00fcber Dritte Werden sie zu statistischen Zwecken benutzt? Ja Werden sie zu Werbezwecken benutzt? Ja Wie werden die Cookies eingestellt und ausgenommen Du kannst die auf Deinem Apparat eingestellten Cookies zulassen, blockieren oder eliminieren und zwar \u00fcber Deinen Browser. Wenn Du auf Deinem Ger\u00e4t keine Cookies [&hellip;]\" \/>\n<meta property=\"og:url\" content=\"https:\/\/abogados-mallorca.com\/de\/datenschutz-und-cookie-einstellungen\/\" \/>\n<meta property=\"og:site_name\" content=\"Abogados Mallorca\" \/>\n<meta property=\"article:modified_time\" content=\"2025-06-06T11:06:58+00:00\" \/>\n<meta name=\"twitter:card\" content=\"summary_large_image\" \/>\n<meta name=\"twitter:label1\" content=\"Gesch\u00e4tzte Lesezeit\" \/>\n\t<meta name=\"twitter:data1\" content=\"2\u00a0Minuten\" \/>\n<script type=\"application\/ld+json\" class=\"yoast-schema-graph\">{\"@context\":\"https:\/\/schema.org\",\"@graph\":[{\"@type\":\"WebPage\",\"@id\":\"https:\/\/abogados-mallorca.com\/de\/datenschutz-und-cookie-einstellungen\/\",\"url\":\"https:\/\/abogados-mallorca.com\/de\/datenschutz-und-cookie-einstellungen\/\",\"name\":\"Datenschutz und Cookie Einstellungen - Abogados Mallorca\",\"isPartOf\":{\"@id\":\"https:\/\/abogados-mallorca.com\/de\/#website\"},\"datePublished\":\"2025-04-29T06:50:06+00:00\",\"dateModified\":\"2025-06-06T11:06:58+00:00\",\"breadcrumb\":{\"@id\":\"https:\/\/abogados-mallorca.com\/de\/datenschutz-und-cookie-einstellungen\/#breadcrumb\"},\"inLanguage\":\"de\",\"potentialAction\":[{\"@type\":\"ReadAction\",\"target\":[\"https:\/\/abogados-mallorca.com\/de\/datenschutz-und-cookie-einstellungen\/\"]}]},{\"@type\":\"BreadcrumbList\",\"@id\":\"https:\/\/abogados-mallorca.com\/de\/datenschutz-und-cookie-einstellungen\/#breadcrumb\",\"itemListElement\":[{\"@type\":\"ListItem\",\"position\":1,\"name\":\"Portada\",\"item\":\"https:\/\/abogados-mallorca.com\/de\/\"},{\"@type\":\"ListItem\",\"position\":2,\"name\":\"Datenschutz und Cookie Einstellungen\"}]},{\"@type\":\"WebSite\",\"@id\":\"https:\/\/abogados-mallorca.com\/de\/#website\",\"url\":\"https:\/\/abogados-mallorca.com\/de\/\",\"name\":\"Abogados Mallorca\",\"description\":\"\",\"publisher\":{\"@id\":\"https:\/\/abogados-mallorca.com\/de\/#organization\"},\"potentialAction\":[{\"@type\":\"SearchAction\",\"target\":{\"@type\":\"EntryPoint\",\"urlTemplate\":\"https:\/\/abogados-mallorca.com\/de\/?s={search_term_string}\"},\"query-input\":{\"@type\":\"PropertyValueSpecification\",\"valueRequired\":true,\"valueName\":\"search_term_string\"}}],\"inLanguage\":\"de\"},{\"@type\":\"Organization\",\"@id\":\"https:\/\/abogados-mallorca.com\/de\/#organization\",\"name\":\"Abogados Mallorca\",\"url\":\"https:\/\/abogados-mallorca.com\/de\/\",\"logo\":{\"@type\":\"ImageObject\",\"inLanguage\":\"de\",\"@id\":\"https:\/\/abogados-mallorca.com\/de\/#\/schema\/logo\/image\/\",\"url\":\"https:\/\/abogados-mallorca.com\/wp-content\/uploads\/2025\/04\/logo-completo-Gold-1-1.svg\",\"contentUrl\":\"https:\/\/abogados-mallorca.com\/wp-content\/uploads\/2025\/04\/logo-completo-Gold-1-1.svg\",\"width\":198,\"height\":71,\"caption\":\"Abogados Mallorca\"},\"image\":{\"@id\":\"https:\/\/abogados-mallorca.com\/de\/#\/schema\/logo\/image\/\"}}]}<\/script>\n<!-- \/ Yoast SEO plugin. -->","yoast_head_json":{"title":"Datenschutz und Cookie Einstellungen - Abogados Mallorca","robots":{"index":"noindex","follow":"nofollow"},"og_locale":"de_DE","og_type":"article","og_title":"Datenschutz und Cookie Einstellungen - Abogados Mallorca","og_description":"Datenschutz und Cookie Einstellungen Zusammenfassung Benutzte Cookies: Eigene und \u00fcber Dritte Werden sie zu statistischen Zwecken benutzt? Ja Werden sie zu Werbezwecken benutzt? Ja Wie werden die Cookies eingestellt und ausgenommen Du kannst die auf Deinem Apparat eingestellten Cookies zulassen, blockieren oder eliminieren und zwar \u00fcber Deinen Browser. Wenn Du auf Deinem Ger\u00e4t keine Cookies [&hellip;]","og_url":"https:\/\/abogados-mallorca.com\/de\/datenschutz-und-cookie-einstellungen\/","og_site_name":"Abogados Mallorca","article_modified_time":"2025-06-06T11:06:58+00:00","twitter_card":"summary_large_image","twitter_misc":{"Gesch\u00e4tzte Lesezeit":"2\u00a0Minuten"},"schema":{"@context":"https:\/\/schema.org","@graph":[{"@type":"WebPage","@id":"https:\/\/abogados-mallorca.com\/de\/datenschutz-und-cookie-einstellungen\/","url":"https:\/\/abogados-mallorca.com\/de\/datenschutz-und-cookie-einstellungen\/","name":"Datenschutz und Cookie Einstellungen - Abogados Mallorca","isPartOf":{"@id":"https:\/\/abogados-mallorca.com\/de\/#website"},"datePublished":"2025-04-29T06:50:06+00:00","dateModified":"2025-06-06T11:06:58+00:00","breadcrumb":{"@id":"https:\/\/abogados-mallorca.com\/de\/datenschutz-und-cookie-einstellungen\/#breadcrumb"},"inLanguage":"de","potentialAction":[{"@type":"ReadAction","target":["https:\/\/abogados-mallorca.com\/de\/datenschutz-und-cookie-einstellungen\/"]}]},{"@type":"BreadcrumbList","@id":"https:\/\/abogados-mallorca.com\/de\/datenschutz-und-cookie-einstellungen\/#breadcrumb","itemListElement":[{"@type":"ListItem","position":1,"name":"Portada","item":"https:\/\/abogados-mallorca.com\/de\/"},{"@type":"ListItem","position":2,"name":"Datenschutz und Cookie Einstellungen"}]},{"@type":"WebSite","@id":"https:\/\/abogados-mallorca.com\/de\/#website","url":"https:\/\/abogados-mallorca.com\/de\/","name":"Abogados Mallorca","description":"","publisher":{"@id":"https:\/\/abogados-mallorca.com\/de\/#organization"},"potentialAction":[{"@type":"SearchAction","target":{"@type":"EntryPoint","urlTemplate":"https:\/\/abogados-mallorca.com\/de\/?s={search_term_string}"},"query-input":{"@type":"PropertyValueSpecification","valueRequired":true,"valueName":"search_term_string"}}],"inLanguage":"de"},{"@type":"Organization","@id":"https:\/\/abogados-mallorca.com\/de\/#organization","name":"Abogados Mallorca","url":"https:\/\/abogados-mallorca.com\/de\/","logo":{"@type":"ImageObject","inLanguage":"de","@id":"https:\/\/abogados-mallorca.com\/de\/#\/schema\/logo\/image\/","url":"https:\/\/abogados-mallorca.com\/wp-content\/uploads\/2025\/04\/logo-completo-Gold-1-1.svg","contentUrl":"https:\/\/abogados-mallorca.com\/wp-content\/uploads\/2025\/04\/logo-completo-Gold-1-1.svg","width":198,"height":71,"caption":"Abogados Mallorca"},"image":{"@id":"https:\/\/abogados-mallorca.com\/de\/#\/schema\/logo\/image\/"}}]}},"_links":{"self":[{"href":"https:\/\/abogados-mallorca.com\/de\/wp-json\/wp\/v2\/pages\/418","targetHints":{"allow":["GET"]}}],"collection":[{"href":"https:\/\/abogados-mallorca.com\/de\/wp-json\/wp\/v2\/pages"}],"about":[{"href":"https:\/\/abogados-mallorca.com\/de\/wp-json\/wp\/v2\/types\/page"}],"author":[{"embeddable":true,"href":"https:\/\/abogados-mallorca.com\/de\/wp-json\/wp\/v2\/users\/1"}],"replies":[{"embeddable":true,"href":"https:\/\/abogados-mallorca.com\/de\/wp-json\/wp\/v2\/comments?post=418"}],"version-history":[{"count":1,"href":"https:\/\/abogados-mallorca.com\/de\/wp-json\/wp\/v2\/pages\/418\/revisions"}],"predecessor-version":[{"id":419,"href":"https:\/\/abogados-mallorca.com\/de\/wp-json\/wp\/v2\/pages\/418\/revisions\/419"}],"wp:attachment":[{"href":"https:\/\/abogados-mallorca.com\/de\/wp-json\/wp\/v2\/media?parent=418"}],"curies":[{"name":"wp","href":"https:\/\/api.w.org\/{rel}","templated":true}]}}