{"id":414,"date":"2025-04-30T12:49:48","date_gmt":"2025-04-30T10:49:48","guid":{"rendered":"http:\/\/abogados-mallorca.disstintbeta.com\/kontakt\/"},"modified":"2026-02-09T11:20:27","modified_gmt":"2026-02-09T10:20:27","slug":"kontakt","status":"publish","type":"page","link":"https:\/\/abogados-mallorca.com\/de\/kontakt\/","title":{"rendered":"Kontakt"},"content":{"rendered":"\t\t<div data-elementor-type=\"wp-page\" data-elementor-id=\"414\" class=\"elementor elementor-414 elementor-138\" data-elementor-post-type=\"page\">\n\t\t\t\t<div class=\"elementor-element elementor-element-7260453 animated-slow e-flex e-con-boxed elementor-invisible e-con e-parent\" data-id=\"7260453\" data-element_type=\"container\" data-settings=\"{&quot;background_background&quot;:&quot;classic&quot;,&quot;animation&quot;:&quot;fadeIn&quot;}\">\n\t\t\t\t\t<div class=\"e-con-inner\">\n\t\t\t\t<div class=\"elementor-element elementor-element-b45dc15 elementor-widget elementor-widget-image\" data-id=\"b45dc15\" data-element_type=\"widget\" data-widget_type=\"image.default\">\n\t\t\t\t<div class=\"elementor-widget-container\">\n\t\t\t\t\t\t\t\t\t\t\t\t\t\t\t<img decoding=\"async\" width=\"166\" height=\"159\" src=\"https:\/\/abogados-mallorca.com\/wp-content\/uploads\/2025\/04\/Vector-imagen.svg\" class=\"attachment-large size-large wp-image-25\" alt=\"Middendorf Servera\" \/>\t\t\t\t\t\t\t\t\t\t\t\t\t\t\t<\/div>\n\t\t\t\t<\/div>\n\t\t\t\t<div class=\"elementor-element elementor-element-d9ae733 elementor-widget elementor-widget-heading\" data-id=\"d9ae733\" data-element_type=\"widget\" data-widget_type=\"heading.default\">\n\t\t\t\t<div class=\"elementor-widget-container\">\n\t\t\t\t\t<h1 class=\"elementor-heading-title elementor-size-default\">Kontaktiere uns<\/h1>\t\t\t\t<\/div>\n\t\t\t\t<\/div>\n\t\t<div class=\"elementor-element elementor-element-644ce69 e-con-full e-flex elementor-invisible e-con e-child\" data-id=\"644ce69\" data-element_type=\"container\" data-settings=\"{&quot;background_background&quot;:&quot;classic&quot;,&quot;animation&quot;:&quot;zoomIn&quot;,&quot;animation_delay&quot;:500}\">\n\t\t\t\t<div class=\"elementor-element elementor-element-dfdf18a elementor-widget elementor-widget-heading\" data-id=\"dfdf18a\" data-element_type=\"widget\" data-widget_type=\"heading.default\">\n\t\t\t\t<div class=\"elementor-widget-container\">\n\t\t\t\t\t<h2 class=\"elementor-heading-title elementor-size-default\">Kontaktformular<\/h2>\t\t\t\t<\/div>\n\t\t\t\t<\/div>\n\t\t\t\t<div class=\"elementor-element elementor-element-d03ce5b formulario elementor-button-align-stretch elementor-widget elementor-widget-form\" data-id=\"d03ce5b\" data-element_type=\"widget\" data-settings=\"{&quot;step_next_label&quot;:&quot;N\\u00e4chstes&quot;,&quot;step_previous_label&quot;:&quot;Vorher&quot;,&quot;button_width&quot;:&quot;100&quot;,&quot;step_type&quot;:&quot;number_text&quot;,&quot;step_icon_shape&quot;:&quot;circle&quot;}\" data-widget_type=\"form.default\">\n\t\t\t\t<div class=\"elementor-widget-container\">\n\t\t\t\t\t\t\t<form class=\"elementor-form\" method=\"post\" name=\"Neues Formular\">\n\t\t\t<input type=\"hidden\" name=\"post_id\" value=\"414\"\/>\n\t\t\t<input type=\"hidden\" name=\"form_id\" value=\"d03ce5b\"\/>\n\t\t\t<input type=\"hidden\" name=\"referer_title\" value=\"Abogados Mallorca\" \/>\n\n\t\t\t\n\t\t\t<div class=\"elementor-form-fields-wrapper elementor-labels-\">\n\t\t\t\t\t\t\t\t<div class=\"elementor-field-type-text elementor-field-group elementor-column elementor-field-group-name elementor-col-100\">\n\t\t\t\t\t\t\t\t\t\t\t\t<label for=\"form-field-name\" class=\"elementor-field-label elementor-screen-only\">\n\t\t\t\t\t\t\t\tVor und Nachname\t\t\t\t\t\t\t<\/label>\n\t\t\t\t\t\t\t\t\t\t\t\t\t\t<input size=\"1\" type=\"text\" name=\"form_fields[name]\" id=\"form-field-name\" class=\"elementor-field elementor-size-sm  elementor-field-textual\" placeholder=\"Vor und Nachname\">\n\t\t\t\t\t\t\t\t\t\t\t<\/div>\n\t\t\t\t\t\t\t\t<div class=\"elementor-field-type-email elementor-field-group elementor-column elementor-field-group-email elementor-col-100 elementor-field-required\">\n\t\t\t\t\t\t\t\t\t\t\t\t<label for=\"form-field-email\" class=\"elementor-field-label elementor-screen-only\">\n\t\t\t\t\t\t\t\tEmail\t\t\t\t\t\t\t<\/label>\n\t\t\t\t\t\t\t\t\t\t\t\t\t\t<input size=\"1\" type=\"email\" name=\"form_fields[email]\" id=\"form-field-email\" class=\"elementor-field elementor-size-sm  elementor-field-textual\" placeholder=\"Email\" required=\"required\">\n\t\t\t\t\t\t\t\t\t\t\t<\/div>\n\t\t\t\t\t\t\t\t<div class=\"elementor-field-type-tel elementor-field-group elementor-column elementor-field-group-field_96dba9d elementor-col-100\">\n\t\t\t\t\t\t\t\t\t\t\t\t<label for=\"form-field-field_96dba9d\" class=\"elementor-field-label elementor-screen-only\">\n\t\t\t\t\t\t\t\tTelefon\t\t\t\t\t\t\t<\/label>\n\t\t\t\t\t\t\t\t<input size=\"1\" type=\"tel\" name=\"form_fields[field_96dba9d]\" id=\"form-field-field_96dba9d\" class=\"elementor-field elementor-size-sm  elementor-field-textual\" placeholder=\"Telefon\" pattern=\"[0-9()#&amp;+*-=.]+\" title=\"Nur Nummern oder Telefon-Zeichen (#, -, *, etc) werden akzeptiert.\">\n\n\t\t\t\t\t\t<\/div>\n\t\t\t\t\t\t\t\t<div class=\"elementor-field-type-text elementor-field-group elementor-column elementor-field-group-field_ebd855a elementor-col-100\">\n\t\t\t\t\t\t\t\t\t\t\t\t<label for=\"form-field-field_ebd855a\" class=\"elementor-field-label elementor-screen-only\">\n\t\t\t\t\t\t\t\tBetreff\t\t\t\t\t\t\t<\/label>\n\t\t\t\t\t\t\t\t\t\t\t\t\t\t<input size=\"1\" type=\"text\" name=\"form_fields[field_ebd855a]\" id=\"form-field-field_ebd855a\" class=\"elementor-field elementor-size-sm  elementor-field-textual\" placeholder=\"Betreff\">\n\t\t\t\t\t\t\t\t\t\t\t<\/div>\n\t\t\t\t\t\t\t\t<div class=\"elementor-field-type-textarea elementor-field-group elementor-column elementor-field-group-message elementor-col-100\">\n\t\t\t\t\t\t\t\t\t\t\t\t<label for=\"form-field-message\" class=\"elementor-field-label elementor-screen-only\">\n\t\t\t\t\t\t\t\tNachricht\t\t\t\t\t\t\t<\/label>\n\t\t\t\t\t\t<textarea class=\"elementor-field-textual elementor-field  elementor-size-sm\" name=\"form_fields[message]\" id=\"form-field-message\" rows=\"4\" placeholder=\"Nachricht\"><\/textarea>\t\t\t\t<\/div>\n\t\t\t\t\t\t\t\t<div class=\"elementor-field-type-html elementor-field-group elementor-column elementor-field-group-field_eee15ea elementor-col-100\">\n\t\t\t\t\tKONTAKTIERE:\t\t\t\t<\/div>\n\t\t\t\t\t\t\t\t<div class=\"elementor-field-type-select elementor-field-group elementor-column elementor-field-group-field_cc9256b elementor-col-100 elementor-field-required\">\n\t\t\t\t\t\t\t\t\t\t\t\t<label for=\"form-field-field_cc9256b\" class=\"elementor-field-label elementor-screen-only\">\n\t\t\t\t\t\t\t\tW\u00e4hle wen Du kontaktieren m\u00f6chtest\t\t\t\t\t\t\t<\/label>\n\t\t\t\t\t\t\t\t<div class=\"elementor-field elementor-select-wrapper remove-before \">\n\t\t\t<div class=\"select-caret-down-wrapper\">\n\t\t\t\t<svg aria-hidden=\"true\" class=\"e-font-icon-svg e-eicon-caret-down\" viewBox=\"0 0 571.4 571.4\" xmlns=\"http:\/\/www.w3.org\/2000\/svg\"><path d=\"M571 393Q571 407 561 418L311 668Q300 679 286 679T261 668L11 418Q0 407 0 393T11 368 36 357H536Q550 357 561 368T571 393Z\"><\/path><\/svg>\t\t\t<\/div>\n\t\t\t<select name=\"form_fields[field_cc9256b]\" id=\"form-field-field_cc9256b\" class=\"elementor-field-textual elementor-size-sm\" required=\"required\">\n\t\t\t\t\t\t\t\t\t<option value=\"middendorf.servera@abogados-mallorca.com\" selected=\"selected\">General<\/option>\n\t\t\t\t\t\t\t\t\t<option value=\"vera@middendorf-servera.com\">Vera Middendorf<\/option>\n\t\t\t\t\t\t\t\t\t<option value=\"xisca@middendorf-servera.com\">Xisca Servera<\/option>\n\t\t\t\t\t\t\t<\/select>\n\t\t<\/div>\n\t\t\t\t\t\t<\/div>\n\t\t\t\t\t\t\t\t<div class=\"elementor-field-type-acceptance elementor-field-group elementor-column elementor-field-group-field_bc77a18 elementor-col-100\">\n\t\t\t\t\t\t\t<div class=\"elementor-field-subgroup\">\n\t\t\t<span class=\"elementor-field-option\">\n\t\t\t\t<input type=\"checkbox\" name=\"form_fields[field_bc77a18]\" id=\"form-field-field_bc77a18\" class=\"elementor-field elementor-size-sm  elementor-acceptance-field\">\n\t\t\t\t<label for=\"form-field-field_bc77a18\">Acepto el <a href=\"https:\/\/abogados-mallorca.com\/de\/rechtlicher-hinweis\/\"> aviso legal <\/a> y la <a href=\"https:\/\/abogados-mallorca.com\/de\/datenschutz-und-cookie-einstellungen\/\">pol\u00edtica de privacidad y cookies<\/a><\/label>\t\t\t<\/span>\n\t\t<\/div>\n\t\t\t\t\t\t<\/div>\n\t\t\t\t\t\t\t\t<div class=\"elementor-field-type-recaptcha_v3 elementor-field-group elementor-column elementor-field-group-field_5102580 elementor-col-100 recaptcha_v3-bottomleft\">\n\t\t\t\t\t<div class=\"elementor-field\" id=\"form-field-field_5102580\"><div class=\"elementor-g-recaptcha\" data-sitekey=\"6LfqYFsrAAAAAImWl0Dbmv9GlwxUZUwQOROKtMJS\" data-type=\"v3\" data-action=\"Form\" data-badge=\"bottomleft\" data-size=\"invisible\"><\/div><\/div>\t\t\t\t<\/div>\n\t\t\t\t\t\t\t\t<div class=\"elementor-field-group elementor-column elementor-field-type-submit elementor-col-100 e-form__buttons\">\n\t\t\t\t\t<button class=\"elementor-button elementor-size-sm\" type=\"submit\">\n\t\t\t\t\t\t<span class=\"elementor-button-content-wrapper\">\n\t\t\t\t\t\t\t\t\t\t\t\t\t\t\t\t\t\t\t\t\t\t<span class=\"elementor-button-text\">Senden<\/span>\n\t\t\t\t\t\t\t\t\t\t\t\t\t<\/span>\n\t\t\t\t\t<\/button>\n\t\t\t\t<\/div>\n\t\t\t<\/div>\n\t\t<\/form>\n\t\t\t\t\t\t<\/div>\n\t\t\t\t<\/div>\n\t\t\t\t<\/div>\n\t\t\t\t\t<\/div>\n\t\t\t\t<\/div>\n\t\t<div class=\"elementor-element elementor-element-5690892 e-flex e-con-boxed e-con e-parent\" data-id=\"5690892\" data-element_type=\"container\">\n\t\t\t\t\t<div class=\"e-con-inner\">\n\t\t\t\t<div class=\"elementor-element elementor-element-7e159c1 elementor-widget elementor-widget-image\" data-id=\"7e159c1\" data-element_type=\"widget\" data-widget_type=\"image.default\">\n\t\t\t\t<div class=\"elementor-widget-container\">\n\t\t\t\t\t\t\t\t\t\t\t\t\t\t\t<img decoding=\"async\" width=\"60\" height=\"57\" src=\"https:\/\/abogados-mallorca.com\/wp-content\/uploads\/2025\/04\/Vector-titulo.svg\" class=\"attachment-large size-large wp-image-10\" alt=\"Middendorf Servera\" \/>\t\t\t\t\t\t\t\t\t\t\t\t\t\t\t<\/div>\n\t\t\t\t<\/div>\n\t\t\t\t<div class=\"elementor-element elementor-element-755bd4b elementor-widget elementor-widget-heading\" data-id=\"755bd4b\" data-element_type=\"widget\" data-widget_type=\"heading.default\">\n\t\t\t\t<div class=\"elementor-widget-container\">\n\t\t\t\t\t<h2 class=\"elementor-heading-title elementor-size-default\">Kontaktinformation<\/h2>\t\t\t\t<\/div>\n\t\t\t\t<\/div>\n\t\t<div class=\"elementor-element elementor-element-4b8dd28 e-con-full e-flex e-con e-child\" data-id=\"4b8dd28\" data-element_type=\"container\">\n\t\t<div class=\"elementor-element elementor-element-ee07f9a e-con-full contacto e-flex e-con e-child\" data-id=\"ee07f9a\" data-element_type=\"container\">\n\t\t\t\t<div class=\"elementor-element elementor-element-bafa4e3 elementor-widget elementor-widget-text-editor\" data-id=\"bafa4e3\" data-element_type=\"widget\" data-widget_type=\"text-editor.default\">\n\t\t\t\t<div class=\"elementor-widget-container\">\n\t\t\t\t\t\t\t\t\t<p>Unser B\u00fcro befindet sich im Herzen von Manacor, nur f\u00fcnf Gehminuten vom Gerichtsgeb\u00e4ude entfernt und im selben Geb\u00e4ude wie ein Notariat, was die Dokumentenverwaltung vereinfacht. Wir beraten Sie gerne auf Spanisch, Katalanisch, Englisch und Deutsch. <\/p><p> <\/p><p>Adresse<\/p><p><a href=\"https:\/\/maps.app.goo.gl\/4WJEfAvSGjLT1J3S8\" target=\"_blank\" rel=\"noopener\">Carrer de l&#8217;Amargura, 14, 07500 Manacor, Illes Baleares<\/a><\/p><p> <\/p><p>Telefon<\/p><p><a href=\"tel:871579938\" target=\"_blank\" rel=\"noopener\">871 57 99 38  <\/a><\/p><p> <\/p><p>Email<\/p><p><a href=\"mailto:middendorf.servera@abogados-mallorca.com\" target=\"_blank\" rel=\"noopener\">middendorf.servera@abogados-mallorca.com<\/a><\/p><p> <\/p>\t\t\t\t\t\t\t\t<\/div>\n\t\t\t\t<\/div>\n\t\t\t\t<div class=\"elementor-element elementor-element-27616a6 elementor-view-default elementor-widget elementor-widget-icon\" data-id=\"27616a6\" data-element_type=\"widget\" data-widget_type=\"icon.default\">\n\t\t\t\t<div class=\"elementor-widget-container\">\n\t\t\t\t\t\t\t<div class=\"elementor-icon-wrapper\">\n\t\t\t<a class=\"elementor-icon\" href=\"https:\/\/wa.me\/34651097146\" target=\"_blank\">\n\t\t\t<svg aria-hidden=\"true\" class=\"e-font-icon-svg e-fab-whatsapp\" viewBox=\"0 0 448 512\" xmlns=\"http:\/\/www.w3.org\/2000\/svg\"><path d=\"M380.9 97.1C339 55.1 283.2 32 223.9 32c-122.4 0-222 99.6-222 222 0 39.1 10.2 77.3 29.6 111L0 480l117.7-30.9c32.4 17.7 68.9 27 106.1 27h.1c122.3 0 224.1-99.6 224.1-222 0-59.3-25.2-115-67.1-157zm-157 341.6c-33.2 0-65.7-8.9-94-25.7l-6.7-4-69.8 18.3L72 359.2l-4.4-7c-18.5-29.4-28.2-63.3-28.2-98.2 0-101.7 82.8-184.5 184.6-184.5 49.3 0 95.6 19.2 130.4 54.1 34.8 34.9 56.2 81.2 56.1 130.5 0 101.8-84.9 184.6-186.6 184.6zm101.2-138.2c-5.5-2.8-32.8-16.2-37.9-18-5.1-1.9-8.8-2.8-12.5 2.8-3.7 5.6-14.3 18-17.6 21.8-3.2 3.7-6.5 4.2-12 1.4-32.6-16.3-54-29.1-75.5-66-5.7-9.8 5.7-9.1 16.3-30.3 1.8-3.7.9-6.9-.5-9.7-1.4-2.8-12.5-30.1-17.1-41.2-4.5-10.8-9.1-9.3-12.5-9.5-3.2-.2-6.9-.2-10.6-.2-3.7 0-9.7 1.4-14.8 6.9-5.1 5.6-19.4 19-19.4 46.3 0 27.3 19.9 53.7 22.6 57.4 2.8 3.7 39.1 59.7 94.8 83.8 35.2 15.2 49 16.5 66.6 13.9 10.7-1.6 32.8-13.4 37.4-26.4 4.6-13 4.6-24.1 3.2-26.4-1.3-2.5-5-3.9-10.5-6.6z\"><\/path><\/svg>\t\t\t<\/a>\n\t\t<\/div>\n\t\t\t\t\t\t<\/div>\n\t\t\t\t<\/div>\n\t\t\t\t<\/div>\n\t\t<div class=\"elementor-element elementor-element-37f6b0c e-con-full e-flex e-con e-child\" data-id=\"37f6b0c\" data-element_type=\"container\">\n\t\t\t\t<div class=\"elementor-element elementor-element-a69c285 elementor-widget elementor-widget-image\" data-id=\"a69c285\" data-element_type=\"widget\" data-widget_type=\"image.default\">\n\t\t\t\t<div class=\"elementor-widget-container\">\n\t\t\t\t\t\t\t\t\t\t\t\t\t\t\t<img fetchpriority=\"high\" decoding=\"async\" width=\"550\" height=\"586\" src=\"https:\/\/abogados-mallorca.fra1.digitaloceanspaces.com\/wp-content\/uploads\/2025\/04\/Home-2.webp\" class=\"attachment-large size-large wp-image-16\" alt=\"Informaci\u00f3n de contacto\" srcset=\"https:\/\/abogados-mallorca.fra1.digitaloceanspaces.com\/wp-content\/uploads\/2025\/04\/Home-2.webp 550w, https:\/\/abogados-mallorca.fra1.digitaloceanspaces.com\/wp-content\/uploads\/2025\/04\/Home-2-282x300.webp 282w\" sizes=\"(max-width: 550px) 100vw, 550px\" \/>\t\t\t\t\t\t\t\t\t\t\t\t\t\t\t<\/div>\n\t\t\t\t<\/div>\n\t\t\t\t<\/div>\n\t\t\t\t<\/div>\n\t\t\t\t\t<\/div>\n\t\t\t\t<\/div>\n\t\t<div class=\"elementor-element elementor-element-79927f2 e-flex e-con-boxed e-con e-parent\" data-id=\"79927f2\" data-element_type=\"container\">\n\t\t\t\t\t<div class=\"e-con-inner\">\n\t\t\t\t<div class=\"elementor-element elementor-element-2fb1a54 elementor-widget elementor-widget-image\" data-id=\"2fb1a54\" data-element_type=\"widget\" data-widget_type=\"image.default\">\n\t\t\t\t<div class=\"elementor-widget-container\">\n\t\t\t\t\t\t\t\t\t\t\t\t\t\t\t<img decoding=\"async\" width=\"60\" height=\"57\" src=\"https:\/\/abogados-mallorca.com\/wp-content\/uploads\/2025\/04\/Vector-titulo.svg\" class=\"attachment-large size-large wp-image-10\" alt=\"Middendorf Servera\" \/>\t\t\t\t\t\t\t\t\t\t\t\t\t\t\t<\/div>\n\t\t\t\t<\/div>\n\t\t\t\t<div class=\"elementor-element elementor-element-2eb546f elementor-widget elementor-widget-heading\" data-id=\"2eb546f\" data-element_type=\"widget\" data-widget_type=\"heading.default\">\n\t\t\t\t<div class=\"elementor-widget-container\">\n\t\t\t\t\t<h2 class=\"elementor-heading-title elementor-size-default\">Anfahrt<\/h2>\t\t\t\t<\/div>\n\t\t\t\t<\/div>\n\t\t\t\t<div class=\"elementor-element elementor-element-a7f3cfb elementor-widget elementor-widget-html\" data-id=\"a7f3cfb\" data-element_type=\"widget\" data-widget_type=\"html.default\">\n\t\t\t\t<div class=\"elementor-widget-container\">\n\t\t\t\t\t<iframe src=\"https:\/\/www.google.com\/maps\/embed?pb=!1m18!1m12!1m3!1d6151.095054316357!2d3.2111212999999994!3d39.5698089!2m3!1f0!2f0!3f0!3m2!1i1024!2i768!4f13.1!3m3!1m2!1s0x129649a91bf24941%3A0xe55dd3fd3f87fec8!2sMiddendorf%20-%20Servera!5e0!3m2!1ses!2ses!4v1746604405429!5m2!1ses!2ses\" width=\"800\" height=\"600\" style=\"border:0;\" allowfullscreen=\"\" loading=\"lazy\" referrerpolicy=\"no-referrer-when-downgrade\"><\/iframe>\t\t\t\t<\/div>\n\t\t\t\t<\/div>\n\t\t\t\t\t<\/div>\n\t\t\t\t<\/div>\n\t\t\t\t<\/div>\n\t\t","protected":false},"excerpt":{"rendered":"<p>Kontaktiere uns Kontaktformular Kontaktinformation Unser B\u00fcro befindet sich im Herzen von Manacor, nur f\u00fcnf Gehminuten vom Gerichtsgeb\u00e4ude entfernt und im selben Geb\u00e4ude wie ein Notariat, was die Dokumentenverwaltung vereinfacht. Wir beraten Sie gerne auf Spanisch, Katalanisch, Englisch und Deutsch. Adresse Carrer de l&#8217;Amargura, 14, 07500 Manacor, Illes Baleares Telefon 871 57 99 38 Email middendorf.servera@abogados-mallorca.com [&hellip;]<\/p>\n","protected":false},"author":1,"featured_media":0,"parent":0,"menu_order":0,"comment_status":"closed","ping_status":"closed","template":"","meta":{"footnotes":""},"class_list":["post-414","page","type-page","status-publish","hentry"],"yoast_head":"<!-- This site is optimized with the Yoast SEO plugin v25.3 - https:\/\/yoast.com\/wordpress\/plugins\/seo\/ -->\n<title>Kontakt| Middendorf Servera \u2013 Rechtsanwaltskanzlei Manacor<\/title>\n<meta name=\"description\" content=\"Kontaktieren Sie die Anwaltskanzlei Middendorf Servera in Manacor. Wir bearbeiten F\u00e4lle im Zivil-, Straf- und Verwaltungsrecht. Vereinbaren Sie ein kostenloses Beratungsgespr\u00e4ch.\" \/>\n<meta name=\"robots\" content=\"index, follow, max-snippet:-1, max-image-preview:large, max-video-preview:-1\" \/>\n<link rel=\"canonical\" href=\"https:\/\/abogados-mallorca.com\/de\/kontakt\/\" \/>\n<meta property=\"og:locale\" content=\"de_DE\" \/>\n<meta property=\"og:type\" content=\"article\" \/>\n<meta property=\"og:title\" content=\"Kontakt| Middendorf Servera \u2013 Rechtsanwaltskanzlei Manacor\" \/>\n<meta property=\"og:description\" content=\"Kontaktieren Sie die Anwaltskanzlei Middendorf Servera in Manacor. Wir bearbeiten F\u00e4lle im Zivil-, Straf- und Verwaltungsrecht. Vereinbaren Sie ein kostenloses Beratungsgespr\u00e4ch.\" \/>\n<meta property=\"og:url\" content=\"https:\/\/abogados-mallorca.com\/de\/kontakt\/\" \/>\n<meta property=\"og:site_name\" content=\"Abogados Mallorca\" \/>\n<meta property=\"article:modified_time\" content=\"2026-02-09T10:20:27+00:00\" \/>\n<meta name=\"twitter:card\" content=\"summary_large_image\" \/>\n<script type=\"application\/ld+json\" class=\"yoast-schema-graph\">{\"@context\":\"https:\/\/schema.org\",\"@graph\":[{\"@type\":\"WebPage\",\"@id\":\"https:\/\/abogados-mallorca.com\/de\/kontakt\/\",\"url\":\"https:\/\/abogados-mallorca.com\/de\/kontakt\/\",\"name\":\"Kontakt| Middendorf Servera \u2013 Rechtsanwaltskanzlei Manacor\",\"isPartOf\":{\"@id\":\"https:\/\/abogados-mallorca.com\/de\/#website\"},\"primaryImageOfPage\":{\"@id\":\"https:\/\/abogados-mallorca.com\/de\/kontakt\/#primaryimage\"},\"image\":{\"@id\":\"https:\/\/abogados-mallorca.com\/de\/kontakt\/#primaryimage\"},\"thumbnailUrl\":\"https:\/\/abogados-mallorca.com\/wp-content\/uploads\/2025\/04\/Vector-imagen.svg\",\"datePublished\":\"2025-04-30T10:49:48+00:00\",\"dateModified\":\"2026-02-09T10:20:27+00:00\",\"description\":\"Kontaktieren Sie die Anwaltskanzlei Middendorf Servera in Manacor. Wir bearbeiten F\u00e4lle im Zivil-, Straf- und Verwaltungsrecht. Vereinbaren Sie ein kostenloses Beratungsgespr\u00e4ch.\",\"breadcrumb\":{\"@id\":\"https:\/\/abogados-mallorca.com\/de\/kontakt\/#breadcrumb\"},\"inLanguage\":\"de\",\"potentialAction\":[{\"@type\":\"ReadAction\",\"target\":[\"https:\/\/abogados-mallorca.com\/de\/kontakt\/\"]}]},{\"@type\":\"ImageObject\",\"inLanguage\":\"de\",\"@id\":\"https:\/\/abogados-mallorca.com\/de\/kontakt\/#primaryimage\",\"url\":\"https:\/\/abogados-mallorca.com\/wp-content\/uploads\/2025\/04\/Vector-imagen.svg\",\"contentUrl\":\"https:\/\/abogados-mallorca.com\/wp-content\/uploads\/2025\/04\/Vector-imagen.svg\"},{\"@type\":\"BreadcrumbList\",\"@id\":\"https:\/\/abogados-mallorca.com\/de\/kontakt\/#breadcrumb\",\"itemListElement\":[{\"@type\":\"ListItem\",\"position\":1,\"name\":\"Portada\",\"item\":\"https:\/\/abogados-mallorca.com\/de\/\"},{\"@type\":\"ListItem\",\"position\":2,\"name\":\"Kontakt\"}]},{\"@type\":\"WebSite\",\"@id\":\"https:\/\/abogados-mallorca.com\/de\/#website\",\"url\":\"https:\/\/abogados-mallorca.com\/de\/\",\"name\":\"Abogados Mallorca\",\"description\":\"\",\"publisher\":{\"@id\":\"https:\/\/abogados-mallorca.com\/de\/#organization\"},\"potentialAction\":[{\"@type\":\"SearchAction\",\"target\":{\"@type\":\"EntryPoint\",\"urlTemplate\":\"https:\/\/abogados-mallorca.com\/de\/?s={search_term_string}\"},\"query-input\":{\"@type\":\"PropertyValueSpecification\",\"valueRequired\":true,\"valueName\":\"search_term_string\"}}],\"inLanguage\":\"de\"},{\"@type\":\"Organization\",\"@id\":\"https:\/\/abogados-mallorca.com\/de\/#organization\",\"name\":\"Abogados Mallorca\",\"url\":\"https:\/\/abogados-mallorca.com\/de\/\",\"logo\":{\"@type\":\"ImageObject\",\"inLanguage\":\"de\",\"@id\":\"https:\/\/abogados-mallorca.com\/de\/#\/schema\/logo\/image\/\",\"url\":\"https:\/\/abogados-mallorca.com\/wp-content\/uploads\/2025\/04\/logo-completo-Gold-1-1.svg\",\"contentUrl\":\"https:\/\/abogados-mallorca.com\/wp-content\/uploads\/2025\/04\/logo-completo-Gold-1-1.svg\",\"width\":198,\"height\":71,\"caption\":\"Abogados Mallorca\"},\"image\":{\"@id\":\"https:\/\/abogados-mallorca.com\/de\/#\/schema\/logo\/image\/\"}}]}<\/script>\n<!-- \/ Yoast SEO plugin. -->","yoast_head_json":{"title":"Kontakt| Middendorf Servera \u2013 Rechtsanwaltskanzlei Manacor","description":"Kontaktieren Sie die Anwaltskanzlei Middendorf Servera in Manacor. Wir bearbeiten F\u00e4lle im Zivil-, Straf- und Verwaltungsrecht. Vereinbaren Sie ein kostenloses Beratungsgespr\u00e4ch.","robots":{"index":"index","follow":"follow","max-snippet":"max-snippet:-1","max-image-preview":"max-image-preview:large","max-video-preview":"max-video-preview:-1"},"canonical":"https:\/\/abogados-mallorca.com\/de\/kontakt\/","og_locale":"de_DE","og_type":"article","og_title":"Kontakt| Middendorf Servera \u2013 Rechtsanwaltskanzlei Manacor","og_description":"Kontaktieren Sie die Anwaltskanzlei Middendorf Servera in Manacor. Wir bearbeiten F\u00e4lle im Zivil-, Straf- und Verwaltungsrecht. Vereinbaren Sie ein kostenloses Beratungsgespr\u00e4ch.","og_url":"https:\/\/abogados-mallorca.com\/de\/kontakt\/","og_site_name":"Abogados Mallorca","article_modified_time":"2026-02-09T10:20:27+00:00","twitter_card":"summary_large_image","schema":{"@context":"https:\/\/schema.org","@graph":[{"@type":"WebPage","@id":"https:\/\/abogados-mallorca.com\/de\/kontakt\/","url":"https:\/\/abogados-mallorca.com\/de\/kontakt\/","name":"Kontakt| Middendorf Servera \u2013 Rechtsanwaltskanzlei Manacor","isPartOf":{"@id":"https:\/\/abogados-mallorca.com\/de\/#website"},"primaryImageOfPage":{"@id":"https:\/\/abogados-mallorca.com\/de\/kontakt\/#primaryimage"},"image":{"@id":"https:\/\/abogados-mallorca.com\/de\/kontakt\/#primaryimage"},"thumbnailUrl":"https:\/\/abogados-mallorca.com\/wp-content\/uploads\/2025\/04\/Vector-imagen.svg","datePublished":"2025-04-30T10:49:48+00:00","dateModified":"2026-02-09T10:20:27+00:00","description":"Kontaktieren Sie die Anwaltskanzlei Middendorf Servera in Manacor. Wir bearbeiten F\u00e4lle im Zivil-, Straf- und Verwaltungsrecht. Vereinbaren Sie ein kostenloses Beratungsgespr\u00e4ch.","breadcrumb":{"@id":"https:\/\/abogados-mallorca.com\/de\/kontakt\/#breadcrumb"},"inLanguage":"de","potentialAction":[{"@type":"ReadAction","target":["https:\/\/abogados-mallorca.com\/de\/kontakt\/"]}]},{"@type":"ImageObject","inLanguage":"de","@id":"https:\/\/abogados-mallorca.com\/de\/kontakt\/#primaryimage","url":"https:\/\/abogados-mallorca.com\/wp-content\/uploads\/2025\/04\/Vector-imagen.svg","contentUrl":"https:\/\/abogados-mallorca.com\/wp-content\/uploads\/2025\/04\/Vector-imagen.svg"},{"@type":"BreadcrumbList","@id":"https:\/\/abogados-mallorca.com\/de\/kontakt\/#breadcrumb","itemListElement":[{"@type":"ListItem","position":1,"name":"Portada","item":"https:\/\/abogados-mallorca.com\/de\/"},{"@type":"ListItem","position":2,"name":"Kontakt"}]},{"@type":"WebSite","@id":"https:\/\/abogados-mallorca.com\/de\/#website","url":"https:\/\/abogados-mallorca.com\/de\/","name":"Abogados Mallorca","description":"","publisher":{"@id":"https:\/\/abogados-mallorca.com\/de\/#organization"},"potentialAction":[{"@type":"SearchAction","target":{"@type":"EntryPoint","urlTemplate":"https:\/\/abogados-mallorca.com\/de\/?s={search_term_string}"},"query-input":{"@type":"PropertyValueSpecification","valueRequired":true,"valueName":"search_term_string"}}],"inLanguage":"de"},{"@type":"Organization","@id":"https:\/\/abogados-mallorca.com\/de\/#organization","name":"Abogados Mallorca","url":"https:\/\/abogados-mallorca.com\/de\/","logo":{"@type":"ImageObject","inLanguage":"de","@id":"https:\/\/abogados-mallorca.com\/de\/#\/schema\/logo\/image\/","url":"https:\/\/abogados-mallorca.com\/wp-content\/uploads\/2025\/04\/logo-completo-Gold-1-1.svg","contentUrl":"https:\/\/abogados-mallorca.com\/wp-content\/uploads\/2025\/04\/logo-completo-Gold-1-1.svg","width":198,"height":71,"caption":"Abogados Mallorca"},"image":{"@id":"https:\/\/abogados-mallorca.com\/de\/#\/schema\/logo\/image\/"}}]}},"_links":{"self":[{"href":"https:\/\/abogados-mallorca.com\/de\/wp-json\/wp\/v2\/pages\/414","targetHints":{"allow":["GET"]}}],"collection":[{"href":"https:\/\/abogados-mallorca.com\/de\/wp-json\/wp\/v2\/pages"}],"about":[{"href":"https:\/\/abogados-mallorca.com\/de\/wp-json\/wp\/v2\/types\/page"}],"author":[{"embeddable":true,"href":"https:\/\/abogados-mallorca.com\/de\/wp-json\/wp\/v2\/users\/1"}],"replies":[{"embeddable":true,"href":"https:\/\/abogados-mallorca.com\/de\/wp-json\/wp\/v2\/comments?post=414"}],"version-history":[{"count":5,"href":"https:\/\/abogados-mallorca.com\/de\/wp-json\/wp\/v2\/pages\/414\/revisions"}],"predecessor-version":[{"id":498,"href":"https:\/\/abogados-mallorca.com\/de\/wp-json\/wp\/v2\/pages\/414\/revisions\/498"}],"wp:attachment":[{"href":"https:\/\/abogados-mallorca.com\/de\/wp-json\/wp\/v2\/media?parent=414"}],"curies":[{"name":"wp","href":"https:\/\/api.w.org\/{rel}","templated":true}]}}