{"id":407,"date":"2025-04-30T12:39:44","date_gmt":"2025-04-30T10:39:44","guid":{"rendered":"http:\/\/abogados-mallorca.disstintbeta.com\/fachbereiche\/"},"modified":"2025-06-06T13:49:10","modified_gmt":"2025-06-06T11:49:10","slug":"fachbereiche","status":"publish","type":"page","link":"https:\/\/abogados-mallorca.com\/de\/fachbereiche\/","title":{"rendered":"Fachbereiche"},"content":{"rendered":"\t\t<div data-elementor-type=\"wp-page\" data-elementor-id=\"407\" class=\"elementor elementor-407 elementor-120\" data-elementor-post-type=\"page\">\n\t\t\t\t<div class=\"elementor-element elementor-element-fb16dfd e-con-full animated-slow e-flex elementor-invisible e-con e-parent\" data-id=\"fb16dfd\" data-element_type=\"container\" data-settings=\"{&quot;animation&quot;:&quot;fadeIn&quot;}\">\n\t\t<div class=\"elementor-element elementor-element-a1c3db5 e-con-full e-flex e-con e-child\" data-id=\"a1c3db5\" data-element_type=\"container\">\n\t\t\t\t<div class=\"elementor-element elementor-element-6379e9a elementor-widget elementor-widget-image\" data-id=\"6379e9a\" data-element_type=\"widget\" data-widget_type=\"image.default\">\n\t\t\t\t<div class=\"elementor-widget-container\">\n\t\t\t\t\t\t\t\t\t\t\t\t\t\t\t<img decoding=\"async\" width=\"60\" height=\"57\" src=\"https:\/\/abogados-mallorca.com\/wp-content\/uploads\/2025\/04\/Vector-titulo.svg\" class=\"attachment-large size-large wp-image-10\" alt=\"Middendorf Servera\" \/>\t\t\t\t\t\t\t\t\t\t\t\t\t\t\t<\/div>\n\t\t\t\t<\/div>\n\t\t\t\t<div class=\"elementor-element elementor-element-62483f0 elementor-widget elementor-widget-heading\" data-id=\"62483f0\" data-element_type=\"widget\" data-widget_type=\"heading.default\">\n\t\t\t\t<div class=\"elementor-widget-container\">\n\t\t\t\t\t<h1 class=\"elementor-heading-title elementor-size-default\">Fachbereiche<\/h1>\t\t\t\t<\/div>\n\t\t\t\t<\/div>\n\t\t\t\t<div class=\"elementor-element elementor-element-c17be14 elementor-widget elementor-widget-text-editor\" data-id=\"c17be14\" data-element_type=\"widget\" data-widget_type=\"text-editor.default\">\n\t\t\t\t<div class=\"elementor-widget-container\">\n\t\t\t\t\t\t\t\t\t<p>In der Kanzlei Middendorf Servera bieten wir juristische Beratung in verschiedenen Rechtsgebiete an, auch auf internationalem Niveau. Unser breitgef\u00e4chertes Aufgabengebiet erlaubt eine gewissenhafte und individuelle Betreuung der einzelnen F\u00e4lle <\/p>\t\t\t\t\t\t\t\t<\/div>\n\t\t\t\t<\/div>\n\t\t\t\t<\/div>\n\t\t<div class=\"elementor-element elementor-element-c81bbd2 e-con-full e-flex e-con e-child\" data-id=\"c81bbd2\" data-element_type=\"container\">\n\t\t\t\t<div class=\"elementor-element elementor-element-0ec839d elementor-widget elementor-widget-image\" data-id=\"0ec839d\" data-element_type=\"widget\" data-widget_type=\"image.default\">\n\t\t\t\t<div class=\"elementor-widget-container\">\n\t\t\t\t\t\t\t\t\t\t\t\t\t\t\t<img fetchpriority=\"high\" decoding=\"async\" width=\"561\" height=\"786\" src=\"https:\/\/abogados-mallorca.fra1.digitaloceanspaces.com\/wp-content\/uploads\/2025\/04\/Areas-e1746606636413.webp\" class=\"attachment-full size-full wp-image-11\" alt=\"\u00c1reas de especializaci\u00f3n\" srcset=\"https:\/\/abogados-mallorca.fra1.digitaloceanspaces.com\/wp-content\/uploads\/2025\/04\/Areas-e1746606636413.webp 561w, https:\/\/abogados-mallorca.fra1.digitaloceanspaces.com\/wp-content\/uploads\/2025\/04\/Areas-e1746606636413-214x300.webp 214w\" sizes=\"(max-width: 561px) 100vw, 561px\" \/>\t\t\t\t\t\t\t\t\t\t\t\t\t\t\t<\/div>\n\t\t\t\t<\/div>\n\t\t\t\t<div class=\"elementor-element elementor-element-73a623a elementor-absolute elementor-hidden-mobile elementor-widget elementor-widget-image\" data-id=\"73a623a\" data-element_type=\"widget\" data-settings=\"{&quot;_position&quot;:&quot;absolute&quot;}\" data-widget_type=\"image.default\">\n\t\t\t\t<div class=\"elementor-widget-container\">\n\t\t\t\t\t\t\t\t\t\t\t\t\t\t\t<img decoding=\"async\" width=\"166\" height=\"159\" src=\"https:\/\/abogados-mallorca.com\/wp-content\/uploads\/2025\/04\/Vector-imagen.svg\" class=\"attachment-large size-large wp-image-25\" alt=\"Middendorf Servera\" \/>\t\t\t\t\t\t\t\t\t\t\t\t\t\t\t<\/div>\n\t\t\t\t<\/div>\n\t\t\t\t<\/div>\n\t\t\t\t<\/div>\n\t\t<div class=\"elementor-element elementor-element-2daf8f7 e-con-full e-flex e-con e-parent\" data-id=\"2daf8f7\" data-element_type=\"container\">\n\t\t\t\t<div class=\"elementor-element elementor-element-ea1e07b elementor-widget elementor-widget-template\" data-id=\"ea1e07b\" data-element_type=\"widget\" data-widget_type=\"template.default\">\n\t\t\t\t<div class=\"elementor-widget-container\">\n\t\t\t\t\t\t\t<div class=\"elementor-template\">\n\t\t\t\t\t<div data-elementor-type=\"container\" data-elementor-id=\"434\" class=\"elementor elementor-434 elementor-111\" data-elementor-post-type=\"elementor_library\">\n\t\t\t\t<div class=\"elementor-element elementor-element-24416267 e-con-full e-flex e-con e-parent\" data-id=\"24416267\" data-element_type=\"container\" data-settings=\"{&quot;background_background&quot;:&quot;classic&quot;}\">\n\t\t\t\t<div class=\"elementor-element elementor-element-7be2c3e3 elementor-widget elementor-widget-heading\" data-id=\"7be2c3e3\" data-element_type=\"widget\" data-widget_type=\"heading.default\">\n\t\t\t\t<div class=\"elementor-widget-container\">\n\t\t\t\t\t<h2 class=\"elementor-heading-title elementor-size-default\">Kontaktieren Sie uns, um einen Termin zu vereinbaren<\/h2>\t\t\t\t<\/div>\n\t\t\t\t<\/div>\n\t\t\t\t<div class=\"elementor-element elementor-element-799eb3d elementor-align-center elementor-widget elementor-widget-button\" data-id=\"799eb3d\" data-element_type=\"widget\" data-widget_type=\"button.default\">\n\t\t\t\t<div class=\"elementor-widget-container\">\n\t\t\t\t\t\t\t\t\t<div class=\"elementor-button-wrapper\">\n\t\t\t\t\t<a class=\"elementor-button elementor-button-link elementor-size-sm\" href=\"https:\/\/abogados-mallorca.com\/de\/kontakt\/\">\n\t\t\t\t\t\t<span class=\"elementor-button-content-wrapper\">\n\t\t\t\t\t\t\t\t\t<span class=\"elementor-button-text\">Kontakt<\/span>\n\t\t\t\t\t<\/span>\n\t\t\t\t\t<\/a>\n\t\t\t\t<\/div>\n\t\t\t\t\t\t\t\t<\/div>\n\t\t\t\t<\/div>\n\t\t\t\t<\/div>\n\t\t\t\t<\/div>\n\t\t\t\t<\/div>\n\t\t\t\t\t\t<\/div>\n\t\t\t\t<\/div>\n\t\t\t\t<\/div>\n\t\t<div class=\"elementor-element elementor-element-db61360 e-flex e-con-boxed e-con e-parent\" data-id=\"db61360\" data-element_type=\"container\">\n\t\t\t\t\t<div class=\"e-con-inner\">\n\t\t\t\t<div class=\"elementor-element elementor-element-3791504 elementor-widget elementor-widget-image\" data-id=\"3791504\" data-element_type=\"widget\" data-widget_type=\"image.default\">\n\t\t\t\t<div class=\"elementor-widget-container\">\n\t\t\t\t\t\t\t\t\t\t\t\t\t\t\t<img decoding=\"async\" width=\"60\" height=\"57\" src=\"https:\/\/abogados-mallorca.com\/wp-content\/uploads\/2025\/04\/Vector-titulo.svg\" class=\"attachment-large size-large wp-image-10\" alt=\"Middendorf Servera\" \/>\t\t\t\t\t\t\t\t\t\t\t\t\t\t\t<\/div>\n\t\t\t\t<\/div>\n\t\t\t\t<div class=\"elementor-element elementor-element-026fbfd elementor-widget elementor-widget-heading\" data-id=\"026fbfd\" data-element_type=\"widget\" data-widget_type=\"heading.default\">\n\t\t\t\t<div class=\"elementor-widget-container\">\n\t\t\t\t\t<h2 class=\"elementor-heading-title elementor-size-default\">Zivilrecht <\/h2>\t\t\t\t<\/div>\n\t\t\t\t<\/div>\n\t\t<div class=\"elementor-element elementor-element-fb90f79 e-con-full e-flex e-con e-child\" data-id=\"fb90f79\" data-element_type=\"container\">\n\t\t<div class=\"elementor-element elementor-element-5f0a274 e-con-full e-flex e-con e-child\" data-id=\"5f0a274\" data-element_type=\"container\">\n\t\t\t\t<div class=\"elementor-element elementor-element-7fc6b5b elementor-widget elementor-widget-text-editor\" data-id=\"7fc6b5b\" data-element_type=\"widget\" data-widget_type=\"text-editor.default\">\n\t\t\t\t<div class=\"elementor-widget-container\">\n\t\t\t\t\t\t\t\t\t<p>Das Zivilrecht ist eines unserer Hauptaufgabenbereiche. Im Zivilrecht konzentrieren wir uns vor allem auf das Immobilienrecht und Familienrecht.<\/p><p>Wir betreuen unsere Mandanten, sowohl lokaler als auch internationaler Herkunft, beim kompletten <strong>Ablauf des Immobilienerwerbs<\/strong> &#8211; \u00fcberpr\u00fcfen dabei die rechtliche Situation, vor allem auch was das Baurecht betrifft und arbeiten eng mit einer Steuerberaterin unseres Vertrauens zusammen, um die steuerliche Komponente des Immobilienkaufs abzudecken.<\/p><p>Im Bereich des Familienrechts betreuen wir <strong>Trennungen, Scheidungen, sowie Sorgerechtsf\u00e4lle<\/strong>.<\/p><p>In unserer Kanzlei legen wir Wert auf eine individuell abgestimmte Beratung und auf eine vertrauensvolle Vertretung Ihrer Rechte.<\/p>\t\t\t\t\t\t\t\t<\/div>\n\t\t\t\t<\/div>\n\t\t\t\t<\/div>\n\t\t<div class=\"elementor-element elementor-element-ed00ccd e-con-full e-flex e-con e-child\" data-id=\"ed00ccd\" data-element_type=\"container\">\n\t\t\t\t<div class=\"elementor-element elementor-element-8d0900c elementor-widget elementor-widget-image\" data-id=\"8d0900c\" data-element_type=\"widget\" data-widget_type=\"image.default\">\n\t\t\t\t<div class=\"elementor-widget-container\">\n\t\t\t\t\t\t\t\t\t\t\t\t\t\t\t<img loading=\"lazy\" decoding=\"async\" width=\"550\" height=\"586\" src=\"https:\/\/abogados-mallorca.fra1.digitaloceanspaces.com\/wp-content\/uploads\/2025\/04\/Derecho-civil_.webp\" class=\"attachment-large size-large wp-image-13\" alt=\"Derecho civil\" srcset=\"https:\/\/abogados-mallorca.fra1.digitaloceanspaces.com\/wp-content\/uploads\/2025\/04\/Derecho-civil_.webp 550w, https:\/\/abogados-mallorca.fra1.digitaloceanspaces.com\/wp-content\/uploads\/2025\/04\/Derecho-civil_-282x300.webp 282w\" sizes=\"(max-width: 550px) 100vw, 550px\" \/>\t\t\t\t\t\t\t\t\t\t\t\t\t\t\t<\/div>\n\t\t\t\t<\/div>\n\t\t\t\t<\/div>\n\t\t\t\t<\/div>\n\t\t\t\t\t<\/div>\n\t\t\t\t<\/div>\n\t\t<div class=\"elementor-element elementor-element-4e2a3a4 e-flex e-con-boxed e-con e-parent\" data-id=\"4e2a3a4\" data-element_type=\"container\">\n\t\t\t\t\t<div class=\"e-con-inner\">\n\t\t\t\t<div class=\"elementor-element elementor-element-f23ecac elementor-widget elementor-widget-image\" data-id=\"f23ecac\" data-element_type=\"widget\" data-widget_type=\"image.default\">\n\t\t\t\t<div class=\"elementor-widget-container\">\n\t\t\t\t\t\t\t\t\t\t\t\t\t\t\t<img decoding=\"async\" width=\"60\" height=\"57\" src=\"https:\/\/abogados-mallorca.com\/wp-content\/uploads\/2025\/04\/Vector-titulo.svg\" class=\"attachment-large size-large wp-image-10\" alt=\"Middendorf Servera\" \/>\t\t\t\t\t\t\t\t\t\t\t\t\t\t\t<\/div>\n\t\t\t\t<\/div>\n\t\t\t\t<div class=\"elementor-element elementor-element-c2bfb8f elementor-widget elementor-widget-heading\" data-id=\"c2bfb8f\" data-element_type=\"widget\" data-widget_type=\"heading.default\">\n\t\t\t\t<div class=\"elementor-widget-container\">\n\t\t\t\t\t<h2 class=\"elementor-heading-title elementor-size-default\">Strafrecht <\/h2>\t\t\t\t<\/div>\n\t\t\t\t<\/div>\n\t\t<div class=\"elementor-element elementor-element-820c9b6 e-con-full e-flex e-con e-child\" data-id=\"820c9b6\" data-element_type=\"container\">\n\t\t<div class=\"elementor-element elementor-element-9c7dcfb e-con-full e-flex e-con e-child\" data-id=\"9c7dcfb\" data-element_type=\"container\">\n\t\t\t\t<div class=\"elementor-element elementor-element-dcba2f8 elementor-widget elementor-widget-text-editor\" data-id=\"dcba2f8\" data-element_type=\"widget\" data-widget_type=\"text-editor.default\">\n\t\t\t\t<div class=\"elementor-widget-container\">\n\t\t\t\t\t\t\t\t\t<p>Wir haben langj\u00e4hrige Erfahrungen im Strafrecht, sowohl im Sinne der Verteidigung, als auch der privaten Strafklage Wir betreuen alle Arten von strafrechtlichen F\u00e4llen, von geringf\u00fcgigen Vergehen bis hin zu schwerwiegenderen Straftaten <br><br>Beispiele unserer T\u00e4tigkeit im Strafrecht sind Verkehrsstraftaten <strong>(zB Alkohol am Steuer), h\u00e4usliche Gewalt, Sachbesch\u00e4digung, K\u00f6rperverletzung, Drohung, etc.<\/strong> Dabei begleiten wir Sie vom ersten Moment des Verfahrens und stehen Ihnen als vertrauensvoller, verl\u00e4sslicher Ansprechpartner und Vertreter Ihrer Interessen und Rechte zur Seite. <\/p>\t\t\t\t\t\t\t\t<\/div>\n\t\t\t\t<\/div>\n\t\t\t\t<\/div>\n\t\t<div class=\"elementor-element elementor-element-9b7de7b e-con-full e-flex e-con e-child\" data-id=\"9b7de7b\" data-element_type=\"container\">\n\t\t\t\t<div class=\"elementor-element elementor-element-f2d9f96 elementor-widget elementor-widget-image\" data-id=\"f2d9f96\" data-element_type=\"widget\" data-widget_type=\"image.default\">\n\t\t\t\t<div class=\"elementor-widget-container\">\n\t\t\t\t\t\t\t\t\t\t\t\t\t\t\t<img loading=\"lazy\" decoding=\"async\" width=\"550\" height=\"586\" src=\"https:\/\/abogados-mallorca.fra1.digitaloceanspaces.com\/wp-content\/uploads\/2025\/04\/Derecho-penal_.webp\" class=\"attachment-large size-large wp-image-14\" alt=\"Derecho penal\u00a0\" srcset=\"https:\/\/abogados-mallorca.fra1.digitaloceanspaces.com\/wp-content\/uploads\/2025\/04\/Derecho-penal_.webp 550w, https:\/\/abogados-mallorca.fra1.digitaloceanspaces.com\/wp-content\/uploads\/2025\/04\/Derecho-penal_-282x300.webp 282w\" sizes=\"(max-width: 550px) 100vw, 550px\" \/>\t\t\t\t\t\t\t\t\t\t\t\t\t\t\t<\/div>\n\t\t\t\t<\/div>\n\t\t\t\t<\/div>\n\t\t\t\t<\/div>\n\t\t\t\t\t<\/div>\n\t\t\t\t<\/div>\n\t\t<div class=\"elementor-element elementor-element-e51fe19 e-flex e-con-boxed e-con e-parent\" data-id=\"e51fe19\" data-element_type=\"container\">\n\t\t\t\t\t<div class=\"e-con-inner\">\n\t\t\t\t<div class=\"elementor-element elementor-element-d53af51 elementor-widget elementor-widget-image\" data-id=\"d53af51\" data-element_type=\"widget\" data-widget_type=\"image.default\">\n\t\t\t\t<div class=\"elementor-widget-container\">\n\t\t\t\t\t\t\t\t\t\t\t\t\t\t\t<img decoding=\"async\" width=\"60\" height=\"57\" src=\"https:\/\/abogados-mallorca.com\/wp-content\/uploads\/2025\/04\/Vector-titulo.svg\" class=\"attachment-large size-large wp-image-10\" alt=\"Middendorf Servera\" \/>\t\t\t\t\t\t\t\t\t\t\t\t\t\t\t<\/div>\n\t\t\t\t<\/div>\n\t\t\t\t<div class=\"elementor-element elementor-element-17885a4 elementor-widget elementor-widget-heading\" data-id=\"17885a4\" data-element_type=\"widget\" data-widget_type=\"heading.default\">\n\t\t\t\t<div class=\"elementor-widget-container\">\n\t\t\t\t\t<h2 class=\"elementor-heading-title elementor-size-default\">Verwaltungsrecht - Baurecht <\/h2>\t\t\t\t<\/div>\n\t\t\t\t<\/div>\n\t\t<div class=\"elementor-element elementor-element-93008ca e-con-full e-flex e-con e-child\" data-id=\"93008ca\" data-element_type=\"container\">\n\t\t<div class=\"elementor-element elementor-element-b85bb27 e-con-full e-flex e-con e-child\" data-id=\"b85bb27\" data-element_type=\"container\">\n\t\t\t\t<div class=\"elementor-element elementor-element-a792af1 elementor-widget elementor-widget-text-editor\" data-id=\"a792af1\" data-element_type=\"widget\" data-widget_type=\"text-editor.default\">\n\t\t\t\t<div class=\"elementor-widget-container\">\n\t\t\t\t\t\t\t\t\t<p>Im Verwaltungsrecht konzentrieren wir uns vor allem auf <strong>F\u00e4lle des Baurechts und die Kommunikation mit den Beh\u00f6rden.<\/strong><br><br>Wir beraten Sie im Zusammenhang mit Sanktionen, <strong>Ordnungswidrigkeiten und den entsprechenden Einwendungen und Widerspr\u00fcchen. <\/strong>Unsere Erfahrung erlaubt uns in verwaltungsrechtlichen Angelegenheiten effektive L\u00f6sungen und Vorgehensweisen anzubieten. <\/p>\t\t\t\t\t\t\t\t<\/div>\n\t\t\t\t<\/div>\n\t\t\t\t<\/div>\n\t\t<div class=\"elementor-element elementor-element-490b0ea e-con-full e-flex e-con e-child\" data-id=\"490b0ea\" data-element_type=\"container\">\n\t\t\t\t<div class=\"elementor-element elementor-element-06c915d elementor-widget elementor-widget-image\" data-id=\"06c915d\" data-element_type=\"widget\" data-widget_type=\"image.default\">\n\t\t\t\t<div class=\"elementor-widget-container\">\n\t\t\t\t\t\t\t\t\t\t\t\t\t\t\t<img loading=\"lazy\" decoding=\"async\" width=\"550\" height=\"586\" src=\"https:\/\/abogados-mallorca.fra1.digitaloceanspaces.com\/wp-content\/uploads\/2025\/04\/Derecho-administrativo-%E2%80%93-Urbanistico_.webp\" class=\"attachment-large size-large wp-image-12\" alt=\"Derecho administrativo \u2013 Urban\u00edstico\u00a0\" srcset=\"https:\/\/abogados-mallorca.fra1.digitaloceanspaces.com\/wp-content\/uploads\/2025\/04\/Derecho-administrativo-%E2%80%93-Urbanistico_.webp 550w, https:\/\/abogados-mallorca.fra1.digitaloceanspaces.com\/wp-content\/uploads\/2025\/04\/Derecho-administrativo-%E2%80%93-Urbanistico_-282x300.webp 282w\" sizes=\"(max-width: 550px) 100vw, 550px\" \/>\t\t\t\t\t\t\t\t\t\t\t\t\t\t\t<\/div>\n\t\t\t\t<\/div>\n\t\t\t\t<\/div>\n\t\t\t\t<\/div>\n\t\t\t\t\t<\/div>\n\t\t\t\t<\/div>\n\t\t\t\t<\/div>\n\t\t","protected":false},"excerpt":{"rendered":"<p>Fachbereiche In der Kanzlei Middendorf Servera bieten wir juristische Beratung in verschiedenen Rechtsgebiete an, auch auf internationalem Niveau. Unser breitgef\u00e4chertes Aufgabengebiet erlaubt eine gewissenhafte und individuelle Betreuung der einzelnen F\u00e4lle Zivilrecht Das Zivilrecht ist eines unserer Hauptaufgabenbereiche. Im Zivilrecht konzentrieren wir uns vor allem auf das Immobilienrecht und Familienrecht. Wir betreuen unsere Mandanten, sowohl lokaler [&hellip;]<\/p>\n","protected":false},"author":1,"featured_media":0,"parent":0,"menu_order":0,"comment_status":"closed","ping_status":"closed","template":"","meta":{"footnotes":""},"class_list":["post-407","page","type-page","status-publish","hentry"],"yoast_head":"<!-- This site is optimized with the Yoast SEO plugin v25.3 - https:\/\/yoast.com\/wordpress\/plugins\/seo\/ -->\n<title>Fachgebiete | Middendorf Servera \u2013 Rechtsanw\u00e4ltinnen in Manacor<\/title>\n<meta name=\"description\" content=\"Rechtliche Beratung in Manacor in den Bereichen Zivilrecht, Strafrecht und Verwaltungsrecht Professionell, freundlich und erfahren.\" \/>\n<meta name=\"robots\" content=\"index, follow, max-snippet:-1, max-image-preview:large, max-video-preview:-1\" \/>\n<link rel=\"canonical\" href=\"https:\/\/abogados-mallorca.com\/de\/fachbereiche\/\" \/>\n<meta property=\"og:locale\" content=\"de_DE\" \/>\n<meta property=\"og:type\" content=\"article\" \/>\n<meta property=\"og:title\" content=\"Fachgebiete | Middendorf Servera \u2013 Rechtsanw\u00e4ltinnen in Manacor\" \/>\n<meta property=\"og:description\" content=\"Rechtliche Beratung in Manacor in den Bereichen Zivilrecht, Strafrecht und Verwaltungsrecht Professionell, freundlich und erfahren.\" \/>\n<meta property=\"og:url\" content=\"https:\/\/abogados-mallorca.com\/de\/fachbereiche\/\" \/>\n<meta property=\"og:site_name\" content=\"Abogados Mallorca\" \/>\n<meta property=\"article:modified_time\" content=\"2025-06-06T11:49:10+00:00\" \/>\n<meta property=\"og:image\" content=\"http:\/\/abogados-mallorca.disstintbeta.com\/wp-content\/uploads\/2025\/04\/Vector-titulo.svg\" \/>\n<meta name=\"twitter:card\" content=\"summary_large_image\" \/>\n<meta name=\"twitter:label1\" content=\"Gesch\u00e4tzte Lesezeit\" \/>\n\t<meta name=\"twitter:data1\" content=\"1\u00a0Minute\" \/>\n<script type=\"application\/ld+json\" class=\"yoast-schema-graph\">{\"@context\":\"https:\/\/schema.org\",\"@graph\":[{\"@type\":\"WebPage\",\"@id\":\"https:\/\/abogados-mallorca.com\/de\/fachbereiche\/\",\"url\":\"https:\/\/abogados-mallorca.com\/de\/fachbereiche\/\",\"name\":\"Fachgebiete | Middendorf Servera \u2013 Rechtsanw\u00e4ltinnen in Manacor\",\"isPartOf\":{\"@id\":\"https:\/\/abogados-mallorca.com\/de\/#website\"},\"primaryImageOfPage\":{\"@id\":\"https:\/\/abogados-mallorca.com\/de\/fachbereiche\/#primaryimage\"},\"image\":{\"@id\":\"https:\/\/abogados-mallorca.com\/de\/fachbereiche\/#primaryimage\"},\"thumbnailUrl\":\"http:\/\/abogados-mallorca.disstintbeta.com\/wp-content\/uploads\/2025\/04\/Vector-titulo.svg\",\"datePublished\":\"2025-04-30T10:39:44+00:00\",\"dateModified\":\"2025-06-06T11:49:10+00:00\",\"description\":\"Rechtliche Beratung in Manacor in den Bereichen Zivilrecht, Strafrecht und Verwaltungsrecht Professionell, freundlich und erfahren.\",\"breadcrumb\":{\"@id\":\"https:\/\/abogados-mallorca.com\/de\/fachbereiche\/#breadcrumb\"},\"inLanguage\":\"de\",\"potentialAction\":[{\"@type\":\"ReadAction\",\"target\":[\"https:\/\/abogados-mallorca.com\/de\/fachbereiche\/\"]}]},{\"@type\":\"ImageObject\",\"inLanguage\":\"de\",\"@id\":\"https:\/\/abogados-mallorca.com\/de\/fachbereiche\/#primaryimage\",\"url\":\"http:\/\/abogados-mallorca.disstintbeta.com\/wp-content\/uploads\/2025\/04\/Vector-titulo.svg\",\"contentUrl\":\"http:\/\/abogados-mallorca.disstintbeta.com\/wp-content\/uploads\/2025\/04\/Vector-titulo.svg\"},{\"@type\":\"BreadcrumbList\",\"@id\":\"https:\/\/abogados-mallorca.com\/de\/fachbereiche\/#breadcrumb\",\"itemListElement\":[{\"@type\":\"ListItem\",\"position\":1,\"name\":\"Portada\",\"item\":\"https:\/\/abogados-mallorca.com\/de\/\"},{\"@type\":\"ListItem\",\"position\":2,\"name\":\"Fachbereiche\"}]},{\"@type\":\"WebSite\",\"@id\":\"https:\/\/abogados-mallorca.com\/de\/#website\",\"url\":\"https:\/\/abogados-mallorca.com\/de\/\",\"name\":\"Abogados Mallorca\",\"description\":\"\",\"publisher\":{\"@id\":\"https:\/\/abogados-mallorca.com\/de\/#organization\"},\"potentialAction\":[{\"@type\":\"SearchAction\",\"target\":{\"@type\":\"EntryPoint\",\"urlTemplate\":\"https:\/\/abogados-mallorca.com\/de\/?s={search_term_string}\"},\"query-input\":{\"@type\":\"PropertyValueSpecification\",\"valueRequired\":true,\"valueName\":\"search_term_string\"}}],\"inLanguage\":\"de\"},{\"@type\":\"Organization\",\"@id\":\"https:\/\/abogados-mallorca.com\/de\/#organization\",\"name\":\"Abogados Mallorca\",\"url\":\"https:\/\/abogados-mallorca.com\/de\/\",\"logo\":{\"@type\":\"ImageObject\",\"inLanguage\":\"de\",\"@id\":\"https:\/\/abogados-mallorca.com\/de\/#\/schema\/logo\/image\/\",\"url\":\"https:\/\/abogados-mallorca.com\/wp-content\/uploads\/2025\/04\/logo-completo-Gold-1-1.svg\",\"contentUrl\":\"https:\/\/abogados-mallorca.com\/wp-content\/uploads\/2025\/04\/logo-completo-Gold-1-1.svg\",\"width\":198,\"height\":71,\"caption\":\"Abogados Mallorca\"},\"image\":{\"@id\":\"https:\/\/abogados-mallorca.com\/de\/#\/schema\/logo\/image\/\"}}]}<\/script>\n<!-- \/ Yoast SEO plugin. -->","yoast_head_json":{"title":"Fachgebiete | Middendorf Servera \u2013 Rechtsanw\u00e4ltinnen in Manacor","description":"Rechtliche Beratung in Manacor in den Bereichen Zivilrecht, Strafrecht und Verwaltungsrecht Professionell, freundlich und erfahren.","robots":{"index":"index","follow":"follow","max-snippet":"max-snippet:-1","max-image-preview":"max-image-preview:large","max-video-preview":"max-video-preview:-1"},"canonical":"https:\/\/abogados-mallorca.com\/de\/fachbereiche\/","og_locale":"de_DE","og_type":"article","og_title":"Fachgebiete | Middendorf Servera \u2013 Rechtsanw\u00e4ltinnen in Manacor","og_description":"Rechtliche Beratung in Manacor in den Bereichen Zivilrecht, Strafrecht und Verwaltungsrecht Professionell, freundlich und erfahren.","og_url":"https:\/\/abogados-mallorca.com\/de\/fachbereiche\/","og_site_name":"Abogados Mallorca","article_modified_time":"2025-06-06T11:49:10+00:00","og_image":[{"url":"http:\/\/abogados-mallorca.disstintbeta.com\/wp-content\/uploads\/2025\/04\/Vector-titulo.svg","type":"","width":"","height":""}],"twitter_card":"summary_large_image","twitter_misc":{"Gesch\u00e4tzte Lesezeit":"1\u00a0Minute"},"schema":{"@context":"https:\/\/schema.org","@graph":[{"@type":"WebPage","@id":"https:\/\/abogados-mallorca.com\/de\/fachbereiche\/","url":"https:\/\/abogados-mallorca.com\/de\/fachbereiche\/","name":"Fachgebiete | Middendorf Servera \u2013 Rechtsanw\u00e4ltinnen in Manacor","isPartOf":{"@id":"https:\/\/abogados-mallorca.com\/de\/#website"},"primaryImageOfPage":{"@id":"https:\/\/abogados-mallorca.com\/de\/fachbereiche\/#primaryimage"},"image":{"@id":"https:\/\/abogados-mallorca.com\/de\/fachbereiche\/#primaryimage"},"thumbnailUrl":"http:\/\/abogados-mallorca.disstintbeta.com\/wp-content\/uploads\/2025\/04\/Vector-titulo.svg","datePublished":"2025-04-30T10:39:44+00:00","dateModified":"2025-06-06T11:49:10+00:00","description":"Rechtliche Beratung in Manacor in den Bereichen Zivilrecht, Strafrecht und Verwaltungsrecht Professionell, freundlich und erfahren.","breadcrumb":{"@id":"https:\/\/abogados-mallorca.com\/de\/fachbereiche\/#breadcrumb"},"inLanguage":"de","potentialAction":[{"@type":"ReadAction","target":["https:\/\/abogados-mallorca.com\/de\/fachbereiche\/"]}]},{"@type":"ImageObject","inLanguage":"de","@id":"https:\/\/abogados-mallorca.com\/de\/fachbereiche\/#primaryimage","url":"http:\/\/abogados-mallorca.disstintbeta.com\/wp-content\/uploads\/2025\/04\/Vector-titulo.svg","contentUrl":"http:\/\/abogados-mallorca.disstintbeta.com\/wp-content\/uploads\/2025\/04\/Vector-titulo.svg"},{"@type":"BreadcrumbList","@id":"https:\/\/abogados-mallorca.com\/de\/fachbereiche\/#breadcrumb","itemListElement":[{"@type":"ListItem","position":1,"name":"Portada","item":"https:\/\/abogados-mallorca.com\/de\/"},{"@type":"ListItem","position":2,"name":"Fachbereiche"}]},{"@type":"WebSite","@id":"https:\/\/abogados-mallorca.com\/de\/#website","url":"https:\/\/abogados-mallorca.com\/de\/","name":"Abogados Mallorca","description":"","publisher":{"@id":"https:\/\/abogados-mallorca.com\/de\/#organization"},"potentialAction":[{"@type":"SearchAction","target":{"@type":"EntryPoint","urlTemplate":"https:\/\/abogados-mallorca.com\/de\/?s={search_term_string}"},"query-input":{"@type":"PropertyValueSpecification","valueRequired":true,"valueName":"search_term_string"}}],"inLanguage":"de"},{"@type":"Organization","@id":"https:\/\/abogados-mallorca.com\/de\/#organization","name":"Abogados Mallorca","url":"https:\/\/abogados-mallorca.com\/de\/","logo":{"@type":"ImageObject","inLanguage":"de","@id":"https:\/\/abogados-mallorca.com\/de\/#\/schema\/logo\/image\/","url":"https:\/\/abogados-mallorca.com\/wp-content\/uploads\/2025\/04\/logo-completo-Gold-1-1.svg","contentUrl":"https:\/\/abogados-mallorca.com\/wp-content\/uploads\/2025\/04\/logo-completo-Gold-1-1.svg","width":198,"height":71,"caption":"Abogados Mallorca"},"image":{"@id":"https:\/\/abogados-mallorca.com\/de\/#\/schema\/logo\/image\/"}}]}},"_links":{"self":[{"href":"https:\/\/abogados-mallorca.com\/de\/wp-json\/wp\/v2\/pages\/407","targetHints":{"allow":["GET"]}}],"collection":[{"href":"https:\/\/abogados-mallorca.com\/de\/wp-json\/wp\/v2\/pages"}],"about":[{"href":"https:\/\/abogados-mallorca.com\/de\/wp-json\/wp\/v2\/types\/page"}],"author":[{"embeddable":true,"href":"https:\/\/abogados-mallorca.com\/de\/wp-json\/wp\/v2\/users\/1"}],"replies":[{"embeddable":true,"href":"https:\/\/abogados-mallorca.com\/de\/wp-json\/wp\/v2\/comments?post=407"}],"version-history":[{"count":7,"href":"https:\/\/abogados-mallorca.com\/de\/wp-json\/wp\/v2\/pages\/407\/revisions"}],"predecessor-version":[{"id":427,"href":"https:\/\/abogados-mallorca.com\/de\/wp-json\/wp\/v2\/pages\/407\/revisions\/427"}],"wp:attachment":[{"href":"https:\/\/abogados-mallorca.com\/de\/wp-json\/wp\/v2\/media?parent=407"}],"curies":[{"name":"wp","href":"https:\/\/api.w.org\/{rel}","templated":true}]}}